{"id":1345,"date":"2020-12-16T14:25:09","date_gmt":"2020-12-16T13:25:09","guid":{"rendered":"https:\/\/bmp-greengas.de\/?page_id=1345"},"modified":"2023-11-30T16:20:26","modified_gmt":"2023-11-30T15:20:26","slug":"zertifizierung-redcert","status":"publish","type":"page","link":"https:\/\/www.bmp-greengas.com\/de\/wissen\/zertifizierung-redcert\/","title":{"rendered":"Zertifizierung nach REDcert"},"content":{"rendered":"\t\t<div data-elementor-type=\"wp-page\" data-elementor-id=\"1345\" class=\"elementor elementor-1345\" data-elementor-post-type=\"page\">\n\t\t\t\t\t\t<section data-particle_enable=\"false\" data-particle-mobile-disabled=\"false\" class=\"elementor-section elementor-top-section elementor-element elementor-element-1e3fd98 elementor-section-height-min-height elementor-section-stretched elementor-section-boxed elementor-section-height-default elementor-section-items-middle\" data-id=\"1e3fd98\" data-element_type=\"section\" data-e-type=\"section\" data-settings=\"{&quot;background_background&quot;:&quot;classic&quot;,&quot;stretch_section&quot;:&quot;section-stretched&quot;}\">\n\t\t\t\t\t\t\t<div class=\"elementor-background-overlay\"><\/div>\n\t\t\t\t\t\t\t<div class=\"elementor-container elementor-column-gap-default\">\n\t\t\t\t\t<div class=\"elementor-column elementor-col-100 elementor-top-column elementor-element elementor-element-d8f6916\" data-id=\"d8f6916\" data-element_type=\"column\" data-e-type=\"column\">\n\t\t\t<div class=\"elementor-widget-wrap elementor-element-populated\">\n\t\t\t\t\t\t<div class=\"elementor-element elementor-element-9fc044c elementor-widget elementor-widget-heading\" data-id=\"9fc044c\" data-element_type=\"widget\" data-e-type=\"widget\" data-widget_type=\"heading.default\">\n\t\t\t\t<div class=\"elementor-widget-container\">\n\t\t\t\t\t<h2 class=\"elementor-heading-title elementor-size-default\">Wissen<\/h2>\t\t\t\t<\/div>\n\t\t\t\t<\/div>\n\t\t\t\t<div class=\"elementor-element elementor-element-1f6dbff elementor-widget elementor-widget-heading\" data-id=\"1f6dbff\" data-element_type=\"widget\" data-e-type=\"widget\" data-widget_type=\"heading.default\">\n\t\t\t\t<div class=\"elementor-widget-container\">\n\t\t\t\t\t<h1 class=\"elementor-heading-title elementor-size-default\">Zertifizierung nach REDcert<\/h1>\t\t\t\t<\/div>\n\t\t\t\t<\/div>\n\t\t\t\t\t<\/div>\n\t\t<\/div>\n\t\t\t\t\t<\/div>\n\t\t<\/section>\n\t\t\t\t<section data-particle_enable=\"false\" data-particle-mobile-disabled=\"false\" class=\"elementor-section elementor-top-section elementor-element elementor-element-294bcbdb elementor-section-boxed elementor-section-height-default elementor-section-height-default\" data-id=\"294bcbdb\" data-element_type=\"section\" data-e-type=\"section\">\n\t\t\t\t\t\t<div class=\"elementor-container elementor-column-gap-default\">\n\t\t\t\t\t<div class=\"elementor-column elementor-col-100 elementor-top-column elementor-element elementor-element-4dc81203\" data-id=\"4dc81203\" data-element_type=\"column\" data-e-type=\"column\">\n\t\t\t<div class=\"elementor-widget-wrap elementor-element-populated\">\n\t\t\t\t\t\t<div class=\"elementor-element elementor-element-87476c1 elementor-widget elementor-widget-heading\" data-id=\"87476c1\" data-element_type=\"widget\" data-e-type=\"widget\" data-widget_type=\"heading.default\">\n\t\t\t\t<div class=\"elementor-widget-container\">\n\t\t\t\t\t<h2 class=\"elementor-heading-title elementor-size-default\">1. Was ist REDcert?<\/h2>\t\t\t\t<\/div>\n\t\t\t\t<\/div>\n\t\t\t\t<div class=\"elementor-element elementor-element-5b18cbf1 elementor-widget elementor-widget-text-editor\" data-id=\"5b18cbf1\" data-element_type=\"widget\" data-e-type=\"widget\" data-widget_type=\"text-editor.default\">\n\t\t\t\t<div class=\"elementor-widget-container\">\n\t\t\t\t\t\t\t\t\t<p>REDcert ist ein von der Europ\u00e4ischen Union und der Bundesanstalt f\u00fcr Landwirtschaft und Ern\u00e4hrung (BLE) anerkanntes Zertifizierungssystem f\u00fcr in Deutschland und Europa erzeugte Biomasse. Mit einem REDcert-Zertifikat weisen Betriebe nach, dass ihre Biomethan-Produktion oder dessen Einsatz als Kraftstoff oder Strom nachhaltig gem\u00e4\u00df EU-Vorgaben erfolgt. In Deutschland sind diese Vorgaben in der Biokraftstoff- und der Biomassestrom-Nachhaltigkeitsverordnung (Biokraft-NachV und BioSt-NachV) gesetzlich festgelegt.<\/p>\t\t\t\t\t\t\t\t<\/div>\n\t\t\t\t<\/div>\n\t\t\t\t<div class=\"elementor-element elementor-element-27486f4c elementor-invisible elementor-widget elementor-widget-heading\" data-id=\"27486f4c\" data-element_type=\"widget\" data-e-type=\"widget\" data-settings=\"{&quot;_animation&quot;:&quot;fadeInUp&quot;}\" data-widget_type=\"heading.default\">\n\t\t\t\t<div class=\"elementor-widget-container\">\n\t\t\t\t\t<h2 class=\"elementor-heading-title elementor-size-default\">2. Ist eine REDcert-Zertifizierung notwendig?<\/h2>\t\t\t\t<\/div>\n\t\t\t\t<\/div>\n\t\t\t\t<div class=\"elementor-element elementor-element-25ee880e elementor-invisible elementor-widget elementor-widget-text-editor\" data-id=\"25ee880e\" data-element_type=\"widget\" data-e-type=\"widget\" data-settings=\"{&quot;_animation&quot;:&quot;fadeInUp&quot;}\" data-widget_type=\"text-editor.default\">\n\t\t\t\t<div class=\"elementor-widget-container\">\n\t\t\t\t\t\t\t\t\t<p>Schon heute ist eine Nachhaltigkeitszertifizierung Voraussetzung f\u00fcr den Einsatz von Biomethan als Kraftstoff. F\u00fcr die Bereiche W\u00e4rme und Strom wird ein entsprechender Nachweis sp\u00e4testens mit Inkrafttreten der Erneuerbare-Energien-Richtlinie (RED II) der EU erforderlich. Wir empfehlen daher, sich fr\u00fchzeitig mit einer m\u00f6glichen Zertifizierung zu befassen und die notwendigen Schritte einzuleiten. Dabei unterst\u00fctzen wir Sie gerne.<\/p>\t\t\t\t\t\t\t\t<\/div>\n\t\t\t\t<\/div>\n\t\t\t\t<div class=\"elementor-element elementor-element-6b1f415d elementor-invisible elementor-widget elementor-widget-heading\" data-id=\"6b1f415d\" data-element_type=\"widget\" data-e-type=\"widget\" data-settings=\"{&quot;_animation&quot;:&quot;fadeInUp&quot;}\" data-widget_type=\"heading.default\">\n\t\t\t\t<div class=\"elementor-widget-container\">\n\t\t\t\t\t<h2 class=\"elementor-heading-title elementor-size-default\">3. Welche Chancen bietet eine Zertifizierung?<\/h2>\t\t\t\t<\/div>\n\t\t\t\t<\/div>\n\t\t\t\t<div class=\"elementor-element elementor-element-541d20a6 elementor-invisible elementor-widget elementor-widget-text-editor\" data-id=\"541d20a6\" data-element_type=\"widget\" data-e-type=\"widget\" data-settings=\"{&quot;_animation&quot;:&quot;fadeInUp&quot;}\" data-widget_type=\"text-editor.default\">\n\t\t\t\t<div class=\"elementor-widget-container\">\n\t\t\t\t\t\t\t\t\t<p>Besonders in wirtschaftlich attraktiven Bereichen wie dem Kraftstoff- sowie dem Strom- und W\u00e4rmemarkt verzeichnen wir eine zunehmende Nachfrage nach zertifiziertem Biomethan. Diese Entwicklung wird sich weiter fortsetzen. Grund daf\u00fcr ist die aktuelle sowie bereits durch die EU auf den Weg gebrachte Rechtslage, die f\u00fcr verschiedene Einsatzbereiche Zertifizierungspflichten oder Abgaben f\u00fcr nicht zertifiziertes Biomethan vorsieht.<\/p><p>Mit einer Zertifizierung stellen Sie als Anlagenbetreiber schon jetzt die Weichen f\u00fcr eine k\u00fcnftig bessere Marktposition, insbesondere in h\u00f6herwertigen M\u00e4rkten wie dem Kraftstoff-Markt. Gleichzeitig profitieren Sie von den Erfahrungen aus dem Zertifizierungsprozess und bauen durch die umfangreiche Analyse, Vorbereitung und ggf. Optimierung wertvolles Know-how in diesem Bereich auf.<\/p>\t\t\t\t\t\t\t\t<\/div>\n\t\t\t\t<\/div>\n\t\t\t\t<div class=\"elementor-element elementor-element-58d166be elementor-invisible elementor-widget elementor-widget-heading\" data-id=\"58d166be\" data-element_type=\"widget\" data-e-type=\"widget\" data-settings=\"{&quot;_animation&quot;:&quot;fadeInUp&quot;}\" data-widget_type=\"heading.default\">\n\t\t\t\t<div class=\"elementor-widget-container\">\n\t\t\t\t\t<h2 class=\"elementor-heading-title elementor-size-default\">4. Wo kann man sich zertifizieren lassen?<\/h2>\t\t\t\t<\/div>\n\t\t\t\t<\/div>\n\t\t\t\t<div class=\"elementor-element elementor-element-1fc7c2fd elementor-invisible elementor-widget elementor-widget-text-editor\" data-id=\"1fc7c2fd\" data-element_type=\"widget\" data-e-type=\"widget\" data-settings=\"{&quot;_animation&quot;:&quot;fadeInUp&quot;}\" data-widget_type=\"text-editor.default\">\n\t\t\t\t<div class=\"elementor-widget-container\">\n\t\t\t\t\t\t\t\t\t<p>Eine Zertifizierung nach REDcert erfolgt durch eine unabh\u00e4ngige Zertifizierungsstelle. Als Ihr Partner f\u00fcr Biomethan unterst\u00fctzen wir Sie jedoch gerne bei Ihrem Zertifizierungsprozess. Wenn Sie unsicher sind, ob sich dieser Schritt f\u00fcr Sie lohnt oder bei weiteren Fragen melden Sie sich jederzeit bei Ihrem pers\u00f6nlichen bmp-Ansprechpartner!<\/p>\t\t\t\t\t\t\t\t<\/div>\n\t\t\t\t<\/div>\n\t\t\t\t<div class=\"elementor-element elementor-element-6732992d elementor-invisible elementor-widget elementor-widget-heading\" data-id=\"6732992d\" data-element_type=\"widget\" data-e-type=\"widget\" data-settings=\"{&quot;_animation&quot;:&quot;fadeInUp&quot;}\" data-widget_type=\"heading.default\">\n\t\t\t\t<div class=\"elementor-widget-container\">\n\t\t\t\t\t<h2 class=\"elementor-heading-title elementor-size-default\">5. Welche Kriterien m\u00fcssen erf\u00fcllt sein?<\/h2>\t\t\t\t<\/div>\n\t\t\t\t<\/div>\n\t\t\t\t<div class=\"elementor-element elementor-element-16c3d4db elementor-invisible elementor-widget elementor-widget-text-editor\" data-id=\"16c3d4db\" data-element_type=\"widget\" data-e-type=\"widget\" data-settings=\"{&quot;_animation&quot;:&quot;fadeInUp&quot;}\" data-widget_type=\"text-editor.default\">\n\t\t\t\t<div class=\"elementor-widget-container\">\n\t\t\t\t\t\t\t\t\t<p>An den Betrieb werden verschiedene Anforderungen in Sachen Nachhaltigkeit gestellt. Im Zuge der Zertifizierung wird die Treibhausgas-Emission entlang der gesamten Wertsch\u00f6pfungskette ermittelt. Diese bestimmt die Wertigkeit des Gases und ist daher entscheidend f\u00fcr die sp\u00e4tere Vermarktung. Eine zentrale Rolle f\u00fcr den resultierenden THG-Wert spielen dabei der nachhaltige Anbau und die Verwendung des jeweiligen Einsatzstoffes (Biomassearten). F\u00fcr den Kraftstoffbereich sind die konkreten Anforderungen in der BiokraftNachV festgelegt.<\/p>\t\t\t\t\t\t\t\t<\/div>\n\t\t\t\t<\/div>\n\t\t\t\t<div class=\"elementor-element elementor-element-1c425e5c elementor-invisible elementor-widget elementor-widget-heading\" data-id=\"1c425e5c\" data-element_type=\"widget\" data-e-type=\"widget\" data-settings=\"{&quot;_animation&quot;:&quot;fadeInUp&quot;}\" data-widget_type=\"heading.default\">\n\t\t\t\t<div class=\"elementor-widget-container\">\n\t\t\t\t\t<h2 class=\"elementor-heading-title elementor-size-default\">6. Wie l\u00e4uft die Zertifizierung ab?<\/h2>\t\t\t\t<\/div>\n\t\t\t\t<\/div>\n\t\t\t\t<div class=\"elementor-element elementor-element-48975e96 elementor-invisible elementor-widget elementor-widget-text-editor\" data-id=\"48975e96\" data-element_type=\"widget\" data-e-type=\"widget\" data-settings=\"{&quot;_animation&quot;:&quot;fadeInUp&quot;}\" data-widget_type=\"text-editor.default\">\n\t\t\t\t<div class=\"elementor-widget-container\">\n\t\t\t\t\t\t\t\t\t<p>F\u00fcr eine Zertifizierung nach REDcert ist zun\u00e4chst eine Registrierung bei REDcert sowie die Kontaktaufnahme mit einer geeigneten Zertifizierungsstelle erforderlich. Die Erstzertifizierung setzt sich dann aus Analyse der verwendeten bzw. geplanten Einsatzstoffe, Vertragsabschluss, Datenzusammenstellung, Zertifizierungsaudit und ggf. Optimierungsma\u00dfnahmen sowie Folgekontrollen zusammen. Insgesamt dauert dieser Prozess je nach Umfang etwa 3 bis 4 Monate. Die meiste Zeit entf\u00e4llt dabei auf die Vorbereitung des Audits. Durch eine sorgf\u00e4ltige Planung l\u00e4sst sich diese Vorlaufzeit meist reduzieren. Dabei unterst\u00fctzen wir Sie gerne. Das Audit auf Ihrer Anlage selbst dauert in der Regel nur 1\u20133 Tage.<\/p><p>Wichtig:\u00a0Um die Zertifizierung bis zur Einf\u00fchrung der CO\u2082-Abgabe in Deutschland am 01.01.2021 abschlie\u00dfen zu k\u00f6nnen, sollten Anlagenbetreiber gen\u00fcgend Zeit f\u00fcr die umfangreiche Dokumentenbeschaffung und eventuelle Optimierungsma\u00dfnahmen einplanen. Zus\u00e4tzlich k\u00f6nnen die begrenzte Anzahl an Auditoren und eine steigende Nachfrage zu Verz\u00f6gerungen f\u00fchren. Wir empfehlen daher, so fr\u00fch wie m\u00f6glich mit einer Zertifizierung zu beginnen.<\/p>\t\t\t\t\t\t\t\t<\/div>\n\t\t\t\t<\/div>\n\t\t\t\t<div class=\"elementor-element elementor-element-874ca39 elementor-invisible elementor-widget elementor-widget-heading\" data-id=\"874ca39\" data-element_type=\"widget\" data-e-type=\"widget\" data-settings=\"{&quot;_animation&quot;:&quot;fadeInUp&quot;}\" data-widget_type=\"heading.default\">\n\t\t\t\t<div class=\"elementor-widget-container\">\n\t\t\t\t\t<h2 class=\"elementor-heading-title elementor-size-default\">7. Mit welchem Aufwand ist die Zertifizierung verbunden?<\/h2>\t\t\t\t<\/div>\n\t\t\t\t<\/div>\n\t\t\t\t<div class=\"elementor-element elementor-element-3ff2dd38 elementor-invisible elementor-widget elementor-widget-text-editor\" data-id=\"3ff2dd38\" data-element_type=\"widget\" data-e-type=\"widget\" data-settings=\"{&quot;_animation&quot;:&quot;fadeInUp&quot;}\" data-widget_type=\"text-editor.default\">\n\t\t\t\t<div class=\"elementor-widget-container\">\n\t\t\t\t\t\t\t\t\t<p>In dem 3- bis 4-monatigen Prozess entf\u00e4llt die meiste Zeit auf die Vorbereitung der Erstzertifizierung. Neben der Beschaffung wichtiger Dokumente wie dem erforderlichen Handbuch, der THG-Berechnung und Selbsterkl\u00e4rungen der Landwirte zur Nachhaltigkeit der gelieferten Biomasse m\u00fcssen au\u00dferdem Schulungen besucht, ein Chargenmanagement eingef\u00fchrt und Vertr\u00e4ge bereitgestellt werden. Wir beraten und unterst\u00fctzen Sie gerne, um Ihnen die Arbeit zu erleichtern. Sobald die Erstzertifzierung erfolgreich abgeschlossen ist, werden j\u00e4hrlich stichprobenartige Kontrollen durchgef\u00fchrt.<\/p><p>\u00dcbrigens: Als bmp greengas nehmen wir auch Ihr zertifiziertes Biomethan ab und k\u00fcmmern uns um die Vermarktung!<\/p>\t\t\t\t\t\t\t\t<\/div>\n\t\t\t\t<\/div>\n\t\t\t\t\t<\/div>\n\t\t<\/div>\n\t\t\t\t\t<\/div>\n\t\t<\/section>\n\t\t\t\t<\/div>\n\t\t","protected":false},"excerpt":{"rendered":"<p>Wissen Zertifizierung nach REDcert 1. Was ist REDcert? REDcert ist ein von der Europ\u00e4ischen Union und der Bundesanstalt f\u00fcr Landwirtschaft und Ern\u00e4hrung (BLE) anerkanntes Zertifizierungssystem f\u00fcr in Deutschland und Europa erzeugte Biomasse. Mit einem REDcert-Zertifikat weisen Betriebe nach, dass ihre Biomethan-Produktion oder dessen Einsatz als Kraftstoff oder Strom nachhaltig gem\u00e4\u00df EU-Vorgaben erfolgt. In Deutschland sind [&hellip;]<\/p>\n","protected":false},"author":15,"featured_media":0,"parent":1339,"menu_order":2,"comment_status":"closed","ping_status":"closed","template":"elementor_header_footer","meta":{"footnotes":""},"class_list":["post-1345","page","type-page","status-publish","hentry"],"_links":{"self":[{"href":"https:\/\/www.bmp-greengas.com\/de\/wp-json\/wp\/v2\/pages\/1345","targetHints":{"allow":["GET"]}}],"collection":[{"href":"https:\/\/www.bmp-greengas.com\/de\/wp-json\/wp\/v2\/pages"}],"about":[{"href":"https:\/\/www.bmp-greengas.com\/de\/wp-json\/wp\/v2\/types\/page"}],"author":[{"embeddable":true,"href":"https:\/\/www.bmp-greengas.com\/de\/wp-json\/wp\/v2\/users\/15"}],"replies":[{"embeddable":true,"href":"https:\/\/www.bmp-greengas.com\/de\/wp-json\/wp\/v2\/comments?post=1345"}],"version-history":[{"count":0,"href":"https:\/\/www.bmp-greengas.com\/de\/wp-json\/wp\/v2\/pages\/1345\/revisions"}],"up":[{"embeddable":true,"href":"https:\/\/www.bmp-greengas.com\/de\/wp-json\/wp\/v2\/pages\/1339"}],"wp:attachment":[{"href":"https:\/\/www.bmp-greengas.com\/de\/wp-json\/wp\/v2\/media?parent=1345"}],"curies":[{"name":"wp","href":"https:\/\/api.w.org\/{rel}","templated":true}]}}