{"id":1343,"date":"2020-12-16T14:24:57","date_gmt":"2020-12-16T13:24:57","guid":{"rendered":"https:\/\/bmp-greengas.de\/?page_id=1343"},"modified":"2024-01-18T14:51:11","modified_gmt":"2024-01-18T13:51:11","slug":"vorteile-von-gruenem-wasserstoff","status":"publish","type":"page","link":"https:\/\/www.bmp-greengas.com\/de\/wissen\/vorteile-von-gruenem-wasserstoff\/","title":{"rendered":"Vorteile von gr\u00fcnem Wasserstoff"},"content":{"rendered":"\t\t<div data-elementor-type=\"wp-page\" data-elementor-id=\"1343\" class=\"elementor elementor-1343\" data-elementor-post-type=\"page\">\n\t\t\t\t\t\t<section data-particle_enable=\"false\" data-particle-mobile-disabled=\"false\" class=\"elementor-section elementor-top-section elementor-element elementor-element-7a1ee1c elementor-section-stretched elementor-section-height-min-height elementor-section-content-top elementor-section-boxed elementor-section-height-default elementor-section-items-middle\" data-id=\"7a1ee1c\" data-element_type=\"section\" data-e-type=\"section\" data-settings=\"{&quot;stretch_section&quot;:&quot;section-stretched&quot;,&quot;background_background&quot;:&quot;classic&quot;,&quot;background_motion_fx_motion_fx_scrolling&quot;:&quot;yes&quot;,&quot;motion_fx_motion_fx_scrolling&quot;:&quot;yes&quot;,&quot;background_motion_fx_devices&quot;:[&quot;desktop&quot;,&quot;tablet&quot;,&quot;mobile&quot;],&quot;motion_fx_devices&quot;:[&quot;desktop&quot;,&quot;tablet&quot;,&quot;mobile&quot;]}\">\n\t\t\t\t\t\t\t<div class=\"elementor-background-overlay\"><\/div>\n\t\t\t\t\t\t\t<div class=\"elementor-container elementor-column-gap-default\">\n\t\t\t\t\t<div class=\"elementor-column elementor-col-100 elementor-top-column elementor-element elementor-element-0c5701a\" data-id=\"0c5701a\" data-element_type=\"column\" data-e-type=\"column\">\n\t\t\t<div class=\"elementor-widget-wrap elementor-element-populated\">\n\t\t\t\t\t\t<div class=\"elementor-element elementor-element-6a07c83 elementor-widget elementor-widget-heading\" data-id=\"6a07c83\" data-element_type=\"widget\" data-e-type=\"widget\" data-widget_type=\"heading.default\">\n\t\t\t\t<div class=\"elementor-widget-container\">\n\t\t\t\t\t<h2 class=\"elementor-heading-title elementor-size-default\">Wissen<\/h2>\t\t\t\t<\/div>\n\t\t\t\t<\/div>\n\t\t\t\t<div class=\"elementor-element elementor-element-00c838c elementor-widget elementor-widget-heading\" data-id=\"00c838c\" data-element_type=\"widget\" data-e-type=\"widget\" data-widget_type=\"heading.default\">\n\t\t\t\t<div class=\"elementor-widget-container\">\n\t\t\t\t\t<h1 class=\"elementor-heading-title elementor-size-default\">Vorteile von gr\u00fcnem Wasserstoff (H<sub>2<\/sub>)<\/h1>\t\t\t\t<\/div>\n\t\t\t\t<\/div>\n\t\t\t\t\t<\/div>\n\t\t<\/div>\n\t\t\t\t\t<\/div>\n\t\t<\/section>\n\t\t\t\t<section data-particle_enable=\"false\" data-particle-mobile-disabled=\"false\" class=\"elementor-section elementor-top-section elementor-element elementor-element-23bd785b elementor-section-boxed elementor-section-height-default elementor-section-height-default\" data-id=\"23bd785b\" data-element_type=\"section\" data-e-type=\"section\">\n\t\t\t\t\t\t<div class=\"elementor-container elementor-column-gap-default\">\n\t\t\t\t\t<div class=\"elementor-column elementor-col-100 elementor-top-column elementor-element elementor-element-41951f7f\" data-id=\"41951f7f\" data-element_type=\"column\" data-e-type=\"column\">\n\t\t\t<div class=\"elementor-widget-wrap elementor-element-populated\">\n\t\t\t\t\t\t<div class=\"elementor-element elementor-element-350f3913 elementor-widget elementor-widget-heading\" data-id=\"350f3913\" data-element_type=\"widget\" data-e-type=\"widget\" data-widget_type=\"heading.default\">\n\t\t\t\t<div class=\"elementor-widget-container\">\n\t\t\t\t\t<h2 class=\"elementor-heading-title elementor-size-default\">Gr\u00fcner Wasserstoff entsteht durch erneuerbare Energiequellen<\/h2>\t\t\t\t<\/div>\n\t\t\t\t<\/div>\n\t\t\t\t<div class=\"elementor-element elementor-element-2b467987 elementor-widget elementor-widget-text-editor\" data-id=\"2b467987\" data-element_type=\"widget\" data-e-type=\"widget\" data-widget_type=\"text-editor.default\">\n\t\t\t\t<div class=\"elementor-widget-container\">\n\t\t\t\t\t\t\t\t\t<p>Wenn Strom\u00fcbersch\u00fcsse aus erneuerbaren Energiequellen in Power-to-Gas-Anlagen in Wasserstoff umgewandelt werden, entsteht \u201egr\u00fcner Wasserstoff\u201c. Er ist ein umweltfreundlicher Energietr\u00e4ger und Rohstoff, der sich gut transportieren und speichern l\u00e4sst.<\/p>\t\t\t\t\t\t\t\t<\/div>\n\t\t\t\t<\/div>\n\t\t\t\t<div class=\"elementor-element elementor-element-32c66a4a elementor-invisible elementor-widget elementor-widget-heading\" data-id=\"32c66a4a\" data-element_type=\"widget\" data-e-type=\"widget\" data-settings=\"{&quot;_animation&quot;:&quot;fadeInUp&quot;}\" data-widget_type=\"heading.default\">\n\t\t\t\t<div class=\"elementor-widget-container\">\n\t\t\t\t\t<h2 class=\"elementor-heading-title elementor-size-default\">Gr\u00fcner Wasserstoff stabilisiert die Strom- und W\u00e4rmeversorgung<\/h2>\t\t\t\t<\/div>\n\t\t\t\t<\/div>\n\t\t\t\t<div class=\"elementor-element elementor-element-7be77c6 elementor-invisible elementor-widget elementor-widget-text-editor\" data-id=\"7be77c6\" data-element_type=\"widget\" data-e-type=\"widget\" data-settings=\"{&quot;_animation&quot;:&quot;fadeInUp&quot;}\" data-widget_type=\"text-editor.default\">\n\t\t\t\t<div class=\"elementor-widget-container\">\n\t\t\t\t\t\t\t\t\t<p>Erneuerbar erzeugter Wasserstoff kann zu W\u00e4rme oder Strom umgewandelt und flexibel f\u00fcr die Hausenergie- und Stromversorgung genutzt werden. So sorgt er bei witterungsbedingten Stromschwankungen daf\u00fcr, dass erneuerbare Energien jederzeit ausfallsicher und in ausreichender Menge zur Verf\u00fcgung stehen.<\/p>\t\t\t\t\t\t\t\t<\/div>\n\t\t\t\t<\/div>\n\t\t\t\t<div class=\"elementor-element elementor-element-1d0c7e55 elementor-invisible elementor-widget elementor-widget-heading\" data-id=\"1d0c7e55\" data-element_type=\"widget\" data-e-type=\"widget\" data-settings=\"{&quot;_animation&quot;:&quot;fadeInUp&quot;}\" data-widget_type=\"heading.default\">\n\t\t\t\t<div class=\"elementor-widget-container\">\n\t\t\t\t\t<h2 class=\"elementor-heading-title elementor-size-default\">Gr\u00fcner Wasserstoff ist vielseitig und innovativ einsetzbar<\/h2>\t\t\t\t<\/div>\n\t\t\t\t<\/div>\n\t\t\t\t<div class=\"elementor-element elementor-element-5247bede elementor-invisible elementor-widget elementor-widget-text-editor\" data-id=\"5247bede\" data-element_type=\"widget\" data-e-type=\"widget\" data-settings=\"{&quot;_animation&quot;:&quot;fadeInUp&quot;}\" data-widget_type=\"text-editor.default\">\n\t\t\t\t<div class=\"elementor-widget-container\">\n\t\t\t\t\t\t\t\t\t<p>Wasserstoff ist das auf der Erde am meisten verbreitete Element und hat ein gro\u00dfes, innovatives Potenzial: Es kann als Treibstoff oder K\u00fchlmittel verwendet werden, der Strom- und W\u00e4rmegewinnung dienen, aber auch als Rohstoff in der Industrie eingesetzt werden. Elektrolyse-Technologien stehen bereits an der Schwelle zur Wachstums- und Gewinnphase. Und schon heute werden Brennstoffzellensysteme erfolgreich in der Notstromversorgung eingesetzt. Damit Wasserstoff aus Power-to-Gas-Anlagen wirtschaftlich erfolgreich vermarktet werden kann, muss in Deutschland jedoch ein technologieoffener Rechtsrahmen geschaffen werden.<\/p>\t\t\t\t\t\t\t\t<\/div>\n\t\t\t\t<\/div>\n\t\t\t\t<div class=\"elementor-element elementor-element-fcc8bb5 elementor-widget elementor-widget-heading\" data-id=\"fcc8bb5\" data-element_type=\"widget\" data-e-type=\"widget\" data-widget_type=\"heading.default\">\n\t\t\t\t<div class=\"elementor-widget-container\">\n\t\t\t\t\t<h2 class=\"elementor-heading-title elementor-size-default\">Gr\u00fcner Wasserstoff verringert den CO<sub>2<\/sub>-Aussto\u00df<\/h2>\t\t\t\t<\/div>\n\t\t\t\t<\/div>\n\t\t\t\t<div class=\"elementor-element elementor-element-58e3fc70 elementor-invisible elementor-widget elementor-widget-text-editor\" data-id=\"58e3fc70\" data-element_type=\"widget\" data-e-type=\"widget\" data-settings=\"{&quot;_animation&quot;:&quot;fadeInUp&quot;}\" data-widget_type=\"text-editor.default\">\n\t\t\t\t<div class=\"elementor-widget-container\">\n\t\t\t\t\t\t\t\t\t<p>Aktuell werden 96 % des Wasserstoffs auf fossiler Basis produziert. Bei der konventionellen Herstellungsmethode entsteht klimasch\u00e4dliches Kohlendioxid, das in die Atmosph\u00e4re entweicht. Bei der Power-to-Gas-Methode wird hingegen Wasser durch Elektrolyse in Wasserstoff und Sauerstoff zerlegt. W\u00e4hrend der Wasserstoff weiter verwendet wird, kann das Nebenprodukt Sauerstoff entweder f\u00fcr andere Anwendungen genutzt oder einfach in die Umwelt abgegeben werden.<\/p>\t\t\t\t\t\t\t\t<\/div>\n\t\t\t\t<\/div>\n\t\t\t\t<div class=\"elementor-element elementor-element-10c7619a elementor-widget elementor-widget-heading\" data-id=\"10c7619a\" data-element_type=\"widget\" data-e-type=\"widget\" data-widget_type=\"heading.default\">\n\t\t\t\t<div class=\"elementor-widget-container\">\n\t\t\t\t\t<h2 class=\"elementor-heading-title elementor-size-default\">Gr\u00fcner Wasserstoff ist \u00fcberall verf\u00fcgbar<\/h2>\t\t\t\t<\/div>\n\t\t\t\t<\/div>\n\t\t\t\t<div class=\"elementor-element elementor-element-6547251c elementor-invisible elementor-widget elementor-widget-text-editor\" data-id=\"6547251c\" data-element_type=\"widget\" data-e-type=\"widget\" data-settings=\"{&quot;_animation&quot;:&quot;fadeInUp&quot;}\" data-widget_type=\"text-editor.default\">\n\t\t\t\t<div class=\"elementor-widget-container\">\n\t\t\t\t\t\t\t\t\t<p>Das klimafreundliche Biogas schont als umweltschonender Treibstoff und sauberer Energiespeicher die Ressourcen der Umwelt. Da sich Wasserstoff beinahe an jedem beliebigen Ort regional herstellen l\u00e4sst, senkt sein Einsatz die Abh\u00e4ngigkeit von teuren Importen fossiler Energietr\u00e4ger. Gleichzeitig werden Arbeitspl\u00e4tze geschaffen und die lokale Wertsch\u00f6pfung in Deutschland und Europa gef\u00f6rdert.<\/p>\t\t\t\t\t\t\t\t<\/div>\n\t\t\t\t<\/div>\n\t\t\t\t\t<\/div>\n\t\t<\/div>\n\t\t\t\t\t<\/div>\n\t\t<\/section>\n\t\t\t\t<\/div>\n\t\t","protected":false},"excerpt":{"rendered":"<p>Wissen Vorteile von gr\u00fcnem Wasserstoff (H2) Gr\u00fcner Wasserstoff entsteht durch erneuerbare Energiequellen Wenn Strom\u00fcbersch\u00fcsse aus erneuerbaren Energiequellen in Power-to-Gas-Anlagen in Wasserstoff umgewandelt werden, entsteht \u201egr\u00fcner Wasserstoff\u201c. Er ist ein umweltfreundlicher Energietr\u00e4ger und Rohstoff, der sich gut transportieren und speichern l\u00e4sst. Gr\u00fcner Wasserstoff stabilisiert die Strom- und W\u00e4rmeversorgung Erneuerbar erzeugter Wasserstoff kann zu W\u00e4rme oder Strom [&hellip;]<\/p>\n","protected":false},"author":15,"featured_media":0,"parent":1339,"menu_order":3,"comment_status":"closed","ping_status":"closed","template":"elementor_header_footer","meta":{"footnotes":""},"class_list":["post-1343","page","type-page","status-publish","hentry"],"_links":{"self":[{"href":"https:\/\/www.bmp-greengas.com\/de\/wp-json\/wp\/v2\/pages\/1343","targetHints":{"allow":["GET"]}}],"collection":[{"href":"https:\/\/www.bmp-greengas.com\/de\/wp-json\/wp\/v2\/pages"}],"about":[{"href":"https:\/\/www.bmp-greengas.com\/de\/wp-json\/wp\/v2\/types\/page"}],"author":[{"embeddable":true,"href":"https:\/\/www.bmp-greengas.com\/de\/wp-json\/wp\/v2\/users\/15"}],"replies":[{"embeddable":true,"href":"https:\/\/www.bmp-greengas.com\/de\/wp-json\/wp\/v2\/comments?post=1343"}],"version-history":[{"count":0,"href":"https:\/\/www.bmp-greengas.com\/de\/wp-json\/wp\/v2\/pages\/1343\/revisions"}],"up":[{"embeddable":true,"href":"https:\/\/www.bmp-greengas.com\/de\/wp-json\/wp\/v2\/pages\/1339"}],"wp:attachment":[{"href":"https:\/\/www.bmp-greengas.com\/de\/wp-json\/wp\/v2\/media?parent=1343"}],"curies":[{"name":"wp","href":"https:\/\/api.w.org\/{rel}","templated":true}]}}