{"id":1342,"date":"2020-12-16T14:24:42","date_gmt":"2020-12-16T13:24:42","guid":{"rendered":"https:\/\/bmp-greengas.de\/vorteile-von-biomethan\/"},"modified":"2024-01-18T14:49:18","modified_gmt":"2024-01-18T13:49:18","slug":"vorteile-von-biomethan","status":"publish","type":"page","link":"https:\/\/www.bmp-greengas.com\/de\/wissen\/vorteile-von-biomethan\/","title":{"rendered":"Vorteile von Biomethan"},"content":{"rendered":"\t\t<div data-elementor-type=\"wp-page\" data-elementor-id=\"1342\" class=\"elementor elementor-1342\" data-elementor-post-type=\"page\">\n\t\t\t\t\t\t<section data-particle_enable=\"false\" data-particle-mobile-disabled=\"false\" class=\"elementor-section elementor-top-section elementor-element elementor-element-2a71454 elementor-section-height-min-height elementor-section-stretched elementor-section-boxed elementor-section-height-default elementor-section-items-middle\" data-id=\"2a71454\" data-element_type=\"section\" data-e-type=\"section\" data-settings=\"{&quot;background_background&quot;:&quot;classic&quot;,&quot;stretch_section&quot;:&quot;section-stretched&quot;}\">\n\t\t\t\t\t\t\t<div class=\"elementor-background-overlay\"><\/div>\n\t\t\t\t\t\t\t<div class=\"elementor-container elementor-column-gap-default\">\n\t\t\t\t\t<div class=\"elementor-column elementor-col-100 elementor-top-column elementor-element elementor-element-e8dfe74\" data-id=\"e8dfe74\" data-element_type=\"column\" data-e-type=\"column\">\n\t\t\t<div class=\"elementor-widget-wrap elementor-element-populated\">\n\t\t\t\t\t\t<div class=\"elementor-element elementor-element-041e5a6 elementor-widget elementor-widget-heading\" data-id=\"041e5a6\" data-element_type=\"widget\" data-e-type=\"widget\" data-widget_type=\"heading.default\">\n\t\t\t\t<div class=\"elementor-widget-container\">\n\t\t\t\t\t<h2 class=\"elementor-heading-title elementor-size-default\">Wissen<\/h2>\t\t\t\t<\/div>\n\t\t\t\t<\/div>\n\t\t\t\t<div class=\"elementor-element elementor-element-c908ea5 elementor-widget elementor-widget-heading\" data-id=\"c908ea5\" data-element_type=\"widget\" data-e-type=\"widget\" data-widget_type=\"heading.default\">\n\t\t\t\t<div class=\"elementor-widget-container\">\n\t\t\t\t\t<h1 class=\"elementor-heading-title elementor-size-default\">Vorteile von Biomethan<\/h1>\t\t\t\t<\/div>\n\t\t\t\t<\/div>\n\t\t\t\t\t<\/div>\n\t\t<\/div>\n\t\t\t\t\t<\/div>\n\t\t<\/section>\n\t\t\t\t<section data-particle_enable=\"false\" data-particle-mobile-disabled=\"false\" class=\"elementor-section elementor-top-section elementor-element elementor-element-c83b0cd elementor-section-boxed elementor-section-height-default elementor-section-height-default\" data-id=\"c83b0cd\" data-element_type=\"section\" data-e-type=\"section\">\n\t\t\t\t\t\t<div class=\"elementor-container elementor-column-gap-default\">\n\t\t\t\t\t<div class=\"elementor-column elementor-col-100 elementor-top-column elementor-element elementor-element-b9d6a6e\" data-id=\"b9d6a6e\" data-element_type=\"column\" data-e-type=\"column\">\n\t\t\t<div class=\"elementor-widget-wrap elementor-element-populated\">\n\t\t\t\t\t\t<div class=\"elementor-element elementor-element-da7cc8d elementor-widget elementor-widget-heading\" data-id=\"da7cc8d\" data-element_type=\"widget\" data-e-type=\"widget\" data-widget_type=\"heading.default\">\n\t\t\t\t<div class=\"elementor-widget-container\">\n\t\t\t\t\t<h2 class=\"elementor-heading-title elementor-size-default\">Biomethan \u2013 schont die Ressourcen<\/h2>\t\t\t\t<\/div>\n\t\t\t\t<\/div>\n\t\t\t\t<div class=\"elementor-element elementor-element-500bcf3 elementor-widget elementor-widget-text-editor\" data-id=\"500bcf3\" data-element_type=\"widget\" data-e-type=\"widget\" data-widget_type=\"text-editor.default\">\n\t\t\t\t<div class=\"elementor-widget-container\">\n\t\t\t\t\t\t\t\t\t<p>Abfallprodukte aus der Landwirtschaft, wie zum Beispiel Pflanzenreste oder organische Stoffe, sind \u00fcbers ganze Jahr verf\u00fcgbar. In Biogasanlagen werden Sie direkt vor Ort verwertet, dann in einer Aufbereitungsanlage zu Biomethan aufbereitet und ins Erdgasnetz eingespeist. Dadurch entfallen lange Transportwege. Durch dieses unkomplizierte Verfahren profitieren alle Seiten: Der Anlagenbetreiber, der das Biomethan gewinnbringend verkaufen kann, der Abnehmer, der mit Biomethan in seinem Energieportfolio auf ein verl\u00e4ssliches Produkt setzt und nicht zuletzt der Konsument, der einen ressourcenschonenden und vergleichsweise preiswerten Energietr\u00e4ger nutzt.<\/p>\t\t\t\t\t\t\t\t<\/div>\n\t\t\t\t<\/div>\n\t\t\t\t<div class=\"elementor-element elementor-element-067b144 elementor-invisible elementor-widget elementor-widget-heading\" data-id=\"067b144\" data-element_type=\"widget\" data-e-type=\"widget\" data-settings=\"{&quot;_animation&quot;:&quot;fadeInUp&quot;}\" data-widget_type=\"heading.default\">\n\t\t\t\t<div class=\"elementor-widget-container\">\n\t\t\t\t\t<h2 class=\"elementor-heading-title elementor-size-default\">Biomethan unterst\u00fctzt die regionale Wertsch\u00f6pfung<\/h2>\t\t\t\t<\/div>\n\t\t\t\t<\/div>\n\t\t\t\t<div class=\"elementor-element elementor-element-3709142 elementor-invisible elementor-widget elementor-widget-text-editor\" data-id=\"3709142\" data-element_type=\"widget\" data-e-type=\"widget\" data-settings=\"{&quot;_animation&quot;:&quot;fadeInUp&quot;}\" data-widget_type=\"text-editor.default\">\n\t\t\t\t<div class=\"elementor-widget-container\">\n\t\t\t\t\t\t\t\t\t<p>Die Biomethan-Aufbereitung st\u00e4rkt regionale Anbieter, insbesondere Landwirte, da sie direkt an der Vermarktung beteiligt sind. Auch andere Berufszweige profitieren von der regionalen F\u00f6rderung von Bio-Energie: F\u00fcr den Bau und die Instandhaltung der Biogasanlagen werden zum Beispiel Anlagenbauer, Ingenieure, Handwerker oder Techniker ben\u00f6tigt. Diese wiederum stammen h\u00e4ufig aus dem regionalen Umfeld des Anlagenbetriebs. Auch viele Gemeinden nutzen Biomethan als nachhaltige Energie f\u00fcr B\u00e4der, den \u00f6ffentlichen Nahverkehr oder die Energieversorgung kommunaler Liegenschaften.<\/p>\t\t\t\t\t\t\t\t<\/div>\n\t\t\t\t<\/div>\n\t\t\t\t<div class=\"elementor-element elementor-element-f4f0077 elementor-invisible elementor-widget elementor-widget-heading\" data-id=\"f4f0077\" data-element_type=\"widget\" data-e-type=\"widget\" data-settings=\"{&quot;_animation&quot;:&quot;fadeInUp&quot;}\" data-widget_type=\"heading.default\">\n\t\t\t\t<div class=\"elementor-widget-container\">\n\t\t\t\t\t<h2 class=\"elementor-heading-title elementor-size-default\">Biomethan ist flexibel<\/h2>\t\t\t\t<\/div>\n\t\t\t\t<\/div>\n\t\t\t\t<div class=\"elementor-element elementor-element-1f77a62 elementor-invisible elementor-widget elementor-widget-text-editor\" data-id=\"1f77a62\" data-element_type=\"widget\" data-e-type=\"widget\" data-settings=\"{&quot;_animation&quot;:&quot;fadeInUp&quot;}\" data-widget_type=\"text-editor.default\">\n\t\t\t\t<div class=\"elementor-widget-container\">\n\t\t\t\t\t\t\t\t\t<p>Als Allesk\u00f6nner unter den erneuerbaren Energien bietet Biomethan ein H\u00f6chstma\u00df an Flexibilit\u00e4t f\u00fcr seine Abnehmer. Ob f\u00fcr Strom- oder W\u00e4rmeerzeugung, als Bio-Kraftstoff oder f\u00fcr die stoffliche Nutzung in der chemischen Industrie \u2013 die Bandbreite der Nutzungsm\u00f6glichkeiten von Biomethan ist gro\u00df.<\/p>\t\t\t\t\t\t\t\t<\/div>\n\t\t\t\t<\/div>\n\t\t\t\t<div class=\"elementor-element elementor-element-7faebf6 elementor-invisible elementor-widget elementor-widget-heading\" data-id=\"7faebf6\" data-element_type=\"widget\" data-e-type=\"widget\" data-settings=\"{&quot;_animation&quot;:&quot;fadeInUp&quot;}\" data-widget_type=\"heading.default\">\n\t\t\t\t<div class=\"elementor-widget-container\">\n\t\t\t\t\t<h2 class=\"elementor-heading-title elementor-size-default\">Biomethan erm\u00f6glicht eine sichere Versorgung<\/h2>\t\t\t\t<\/div>\n\t\t\t\t<\/div>\n\t\t\t\t<div class=\"elementor-element elementor-element-53aa376 elementor-invisible elementor-widget elementor-widget-text-editor\" data-id=\"53aa376\" data-element_type=\"widget\" data-e-type=\"widget\" data-settings=\"{&quot;_animation&quot;:&quot;fadeInUp&quot;}\" data-widget_type=\"text-editor.default\">\n\t\t\t\t<div class=\"elementor-widget-container\">\n\t\t\t\t\t\t\t\t\t<p>Biomethan ist speicherbar und ben\u00f6tigt keinerlei Lagerkapazit\u00e4ten. Durch die M\u00f6glichkeit der Einspeisung ins Erdgasnetz kann die Bio-Energie auch unabh\u00e4ngig vom Produktionsstandort genutzt werden. F\u00fcr die Gewinnung spielt es keine Rolle, ob die Sonne scheint oder der Wind weht \u2013 so ist die Bereitstellung, unabh\u00e4ngig von Witterungsbedingungen, jederzeit garantiert. Damit sichert sich Biomethan ein deutliches Alleinstellungsmerkmal unter den erneuerbaren Energietr\u00e4gern.<\/p>\t\t\t\t\t\t\t\t<\/div>\n\t\t\t\t<\/div>\n\t\t\t\t<div class=\"elementor-element elementor-element-f77af1f elementor-invisible elementor-widget elementor-widget-heading\" data-id=\"f77af1f\" data-element_type=\"widget\" data-e-type=\"widget\" data-settings=\"{&quot;_animation&quot;:&quot;fadeInUp&quot;}\" data-widget_type=\"heading.default\">\n\t\t\t\t<div class=\"elementor-widget-container\">\n\t\t\t\t\t<h2 class=\"elementor-heading-title elementor-size-default\">Biomethan macht unabh\u00e4ngig<\/h2>\t\t\t\t<\/div>\n\t\t\t\t<\/div>\n\t\t\t\t<div class=\"elementor-element elementor-element-995e0a2 elementor-invisible elementor-widget elementor-widget-text-editor\" data-id=\"995e0a2\" data-element_type=\"widget\" data-e-type=\"widget\" data-settings=\"{&quot;_animation&quot;:&quot;fadeInUp&quot;}\" data-widget_type=\"text-editor.default\">\n\t\t\t\t<div class=\"elementor-widget-container\">\n\t\t\t\t\t\t\t\t\t<p>In Deutschland gibt es circa 9.000 Biogasanlagen. Und der Markt w\u00e4chst weiter. Eine begr\u00fc\u00dfenswerte Entwicklung. Denn: Je mehr \u201eheimische Energie\u201d produziert wird und je besser der Energie-Standort Deutschland gest\u00e4rkt wird, desto mehr sinkt die Abh\u00e4ngigkeit von Importen. Circa 97 % des bundesweiten Erd\u00f6lbedarfs und mehr als 85 % des Erdgases werden aktuell aus dem Ausland \u2013 z. B. Russland, Norwegen oder Nigeria \u2013 in die Bundesrepublik eingef\u00fchrt.<\/p><p>Das birgt Risiken. Politische Machtverh\u00e4ltnisse oder Beziehungen mit ausl\u00e4ndischen Partnern \u00e4ndern sich schneller denn je. Umso wichtiger ist es, dass sich Erneuerbare Energien, die hierzulande gef\u00f6rdert werden, weiter etablieren. Und die Chancen daf\u00fcr stehen gut. Noch nie haben Verbraucher so viel Wert auf Nachhaltigkeit und Klimaschutz gelegt, wie heute. Deutschland profitiert zudem von einem ausgezeichneten Erdgasnetz. Die Voraussetzungen f\u00fcr mehr Energie aus Bioerdgas stimmen also. Somit hat Biomethan als Energie der Zukunft beste Perspektiven.<\/p>\t\t\t\t\t\t\t\t<\/div>\n\t\t\t\t<\/div>\n\t\t\t\t<div class=\"elementor-element elementor-element-7834f0e elementor-invisible elementor-widget elementor-widget-heading\" data-id=\"7834f0e\" data-element_type=\"widget\" data-e-type=\"widget\" data-settings=\"{&quot;_animation&quot;:&quot;fadeInUp&quot;}\" data-widget_type=\"heading.default\">\n\t\t\t\t<div class=\"elementor-widget-container\">\n\t\t\t\t\t<h2 class=\"elementor-heading-title elementor-size-default\">Biomethan f\u00f6rdert den Klimaschutz<\/h2>\t\t\t\t<\/div>\n\t\t\t\t<\/div>\n\t\t\t\t<div class=\"elementor-element elementor-element-2327020 elementor-invisible elementor-widget elementor-widget-text-editor\" data-id=\"2327020\" data-element_type=\"widget\" data-e-type=\"widget\" data-settings=\"{&quot;_animation&quot;:&quot;fadeInUp&quot;}\" data-widget_type=\"text-editor.default\">\n\t\t\t\t<div class=\"elementor-widget-container\">\n\t\t\t\t\t\t\t\t\t<p>In Punkto Energiebilanz und Umweltfreundlichkeit, stellt Biomethan andere Energietr\u00e4ger in den Schatten. Als Kraftstoff verwendet, k\u00f6nnen durch Biomethan bis zu 90 % sch\u00e4dlicher CO<sub>2<\/sub>-Emissionen eingespart werden. Moderne Biomethananlagen erzielen Emissionsfaktoren von weniger als 70 g CO<sub>2<\/sub>-\u00c4quivalente pro kWh Biomethan. Zum Vergleich: Ein Braunkohle-Kraftwerk setzt 1.153 g CO<sub>2<\/sub>-\u00c4quivalente pro kWh frei.<\/p>\t\t\t\t\t\t\t\t<\/div>\n\t\t\t\t<\/div>\n\t\t\t\t<div class=\"elementor-element elementor-element-cb20144 elementor-invisible elementor-widget elementor-widget-heading\" data-id=\"cb20144\" data-element_type=\"widget\" data-e-type=\"widget\" data-settings=\"{&quot;_animation&quot;:&quot;fadeInUp&quot;}\" data-widget_type=\"heading.default\">\n\t\t\t\t<div class=\"elementor-widget-container\">\n\t\t\t\t\t<h2 class=\"elementor-heading-title elementor-size-default\">Biomethan ist wettbewerbsf\u00e4hig<\/h2>\t\t\t\t<\/div>\n\t\t\t\t<\/div>\n\t\t\t\t<div class=\"elementor-element elementor-element-a766dbb elementor-invisible elementor-widget elementor-widget-text-editor\" data-id=\"a766dbb\" data-element_type=\"widget\" data-e-type=\"widget\" data-settings=\"{&quot;_animation&quot;:&quot;fadeInUp&quot;}\" data-widget_type=\"text-editor.default\">\n\t\t\t\t<div class=\"elementor-widget-container\">\n\t\t\t\t\t\t\t\t\t<p>Bei der Betrachtung der Gesamtkosten im Vergleich zu alternativen erneuerbaren Energie-W\u00e4rmequellen hat sich Biomethan als \u00e4u\u00dferst wettbewerbsf\u00e4hig erwiesen. Das Energieangebot aus Wasserkraft, Windenergie und Solarenergie unterliegt nat\u00fcrlichen Schwankungen. Diese k\u00f6nnen sich sowohl kurzfristig als auch saisonal auf den Ertrag auswirken. Da Biomethan, das aus Biogas gewonnen wird, konstant verf\u00fcgbar ist, entstehen somit keinerlei Abh\u00e4ngigkeiten von \u00e4u\u00dferen Faktoren.&nbsp;<\/p><p>Biomethan punktet in vielerlei Hinsicht, besonders im Vergleich zu anderen erneuerbaren Energien. Biomethan ist variabel einsetzbar und kann als W\u00e4rme-, Energie- oder Kraftstoff verwendet werden. Durch den weitgehend geschlossenen CO<sub>2<\/sub>-Kreislauf weist Biomethan zudem eine sehr gute CO<sub>2<\/sub>-Bilanz auf. Die Speicherm\u00f6glichkeit von gro\u00dfen Mengen leistet weiterhin einen positiven Beitrag zur bedarfsgerechten Energieerzeugung.<\/p>\t\t\t\t\t\t\t\t<\/div>\n\t\t\t\t<\/div>\n\t\t\t\t<div class=\"elementor-element elementor-element-3632393 elementor-invisible elementor-widget elementor-widget-heading\" data-id=\"3632393\" data-element_type=\"widget\" data-e-type=\"widget\" data-settings=\"{&quot;_animation&quot;:&quot;fadeInUp&quot;}\" data-widget_type=\"heading.default\">\n\t\t\t\t<div class=\"elementor-widget-container\">\n\t\t\t\t\t<h2 class=\"elementor-heading-title elementor-size-default\">Biomethan hinterl\u00e4sst einen kleinen CO<sub>2<\/sub>-Fu\u00dfabdruck<\/h2>\t\t\t\t<\/div>\n\t\t\t\t<\/div>\n\t\t\t\t<div class=\"elementor-element elementor-element-aa578ca elementor-invisible elementor-widget elementor-widget-text-editor\" data-id=\"aa578ca\" data-element_type=\"widget\" data-e-type=\"widget\" data-settings=\"{&quot;_animation&quot;:&quot;fadeInUp&quot;}\" data-widget_type=\"text-editor.default\">\n\t\t\t\t<div class=\"elementor-widget-container\">\n\t\t\t\t\t\t\t\t\t<p>Der CO<sub>2<\/sub>-Fu\u00dfabdruck (carbon footprint) erfasst die Menge an CO<sub>2<\/sub>-Emissionen, die ein Mensch in einer bestimmten Zeit verursacht. Hinterl\u00e4sst man einen gro\u00dfen Fu\u00dfabdruck, ist die eigene CO<sub>2<\/sub>-Bilanz als negativ zu bewerten. Bleibt jedoch nur ein kleiner Fu\u00dfabdruck zur\u00fcck, werden weniger CO<sub>2<\/sub>-Emissionen verursacht und das Klima gesch\u00fctzt. Der Bereich Energieversorgung macht ungef\u00e4hr die H\u00e4lfte eines durchschnittlichen CO<sub>2<\/sub>-Fu\u00dfabdrucks aus. Nutzt man Biomethan als Energietr\u00e4ger, verkleinert sich der Fu\u00dfabdruck um bis zu 50 %. Dieses positive Ergebnis kann zu Imagezwecken verwendet werden. Denn besonders f\u00fcr Unternehmen wird die klimafreundliche Au\u00dfendarstellung heute immer wichtiger, da der Kunde beim Kauf eines Produktes vermehrt auf Klimafreundlichkeit achtet.<\/p>\t\t\t\t\t\t\t\t<\/div>\n\t\t\t\t<\/div>\n\t\t\t\t<div class=\"elementor-element elementor-element-5e27707 elementor-invisible elementor-widget elementor-widget-heading\" data-id=\"5e27707\" data-element_type=\"widget\" data-e-type=\"widget\" data-settings=\"{&quot;_animation&quot;:&quot;fadeInUp&quot;}\" data-widget_type=\"heading.default\">\n\t\t\t\t<div class=\"elementor-widget-container\">\n\t\t\t\t\t<h2 class=\"elementor-heading-title elementor-size-default\">Biomethan f\u00fcr mehr Sicherheit und bessere Planbarkeit von Erl\u00f6sen<\/h2>\t\t\t\t<\/div>\n\t\t\t\t<\/div>\n\t\t\t\t<div class=\"elementor-element elementor-element-6fe0d2c elementor-invisible elementor-widget elementor-widget-text-editor\" data-id=\"6fe0d2c\" data-element_type=\"widget\" data-e-type=\"widget\" data-settings=\"{&quot;_animation&quot;:&quot;fadeInUp&quot;}\" data-widget_type=\"text-editor.default\">\n\t\t\t\t<div class=\"elementor-widget-container\">\n\t\t\t\t\t\t\t\t\t<p>Das Erneuerbare-Energien-Gesetz (EEG) gew\u00e4hrt Betreibern von Blockheizkraftwerken (BHKW), die Gas aus dem Erdgasnetz entnehmen, eine F\u00f6rderung f\u00fcr jede erzeugte kWh Strom in einem Zeitraum von 20 Jahren ab Inbetriebnahme. Einzige Voraussetzung: Der Betreiber muss nachweisen, dass pro Jahr jeweils mindestens so viel Biomethan in das Erdgasnetz eingespeist, wie zur Stromerzeugung ausgespeist worden ist. Weitere wichtiger Punkt zur F\u00f6rdergeldsicherung: Dass der gesamte Transportprozess des Biomethans, in einem Massenbilanzsystem l\u00fcckenlos dokumentiert wurde.<\/p>\t\t\t\t\t\t\t\t<\/div>\n\t\t\t\t<\/div>\n\t\t\t\t<div class=\"elementor-element elementor-element-4c8be8d elementor-invisible elementor-widget elementor-widget-heading\" data-id=\"4c8be8d\" data-element_type=\"widget\" data-e-type=\"widget\" data-settings=\"{&quot;_animation&quot;:&quot;fadeInUp&quot;}\" data-widget_type=\"heading.default\">\n\t\t\t\t<div class=\"elementor-widget-container\">\n\t\t\t\t\t<h2 class=\"elementor-heading-title elementor-size-default\">Biomethan f\u00fcr mehr Sicherheit und bessere Planbarkeit von Erl\u00f6sen<\/h2>\t\t\t\t<\/div>\n\t\t\t\t<\/div>\n\t\t\t\t<div class=\"elementor-element elementor-element-9935bf2 elementor-invisible elementor-widget elementor-widget-text-editor\" data-id=\"9935bf2\" data-element_type=\"widget\" data-e-type=\"widget\" data-settings=\"{&quot;_animation&quot;:&quot;fadeInUp&quot;}\" data-widget_type=\"text-editor.default\">\n\t\t\t\t<div class=\"elementor-widget-container\">\n\t\t\t\t\t\t\t\t\t<p>(Verbesserung des Prim\u00e4renergiefaktors (PEF) \/ Energiesparverordnung (EnEV))<br \/>Die Energiesparverordnung (EnEV) soll \u201edazu beitragen, dass die energiepolitischen Ziele der Bundesregierung, insbesondere ein nahezu klimaneutraler Geb\u00e4udebestand bis zum Jahr 2050, erreicht werden\u201c. Um dieses Ziel zu verwirklichen, werden Anforderungen an die energetische Qualit\u00e4t von Geb\u00e4udeh\u00fcllen und an die Anlagentechnik bei Neubauten gestellt. Auch bei der Sanierung von Geb\u00e4uden kommt die EnEV zum Tragen. Ermittelt wird sie \u00fcber den Prim\u00e4renergiefaktor (PEF), der f\u00fcr die Berechnung des Prim\u00e4renergiebedarfs eines Geb\u00e4udes notwendig ist.<\/p><p>Der Prim\u00e4renergiebedarf fasst zusammen, wie hoch der Energiebedarf vom Punkt der Energiegewinnung bis hin zum Transport und dem erwarteten Verbrauch ist. Erneuerbare Energien, eine moderne Anlagentechnik und ein hoher Standard bei der W\u00e4rmed\u00e4mmung werden bei der Betrachtung positiv ber\u00fccksichtigt. Werden also statt fossiler Brennstoffe (z. B. Erdgas oder Erd\u00f6l) erneuerbare Energietr\u00e4ger, wie Biomethan, zur Energie- und W\u00e4rmegewinnung verwendet, erh\u00e4lt man \u201cPluspunkte\u201d auf seinem \u201cPrim\u00e4renergiebedarfs-Konto\u201d.\u00a0<\/p><p>Beispiel: Erfolgt die W\u00e4rmeversorgung eines Hauses mit Heiz\u00f6l oder Erdgas, ergibt sich ein PEF von 1,1. Stammt die W\u00e4rme aus einem Blockheizkraftwerk, das mit Biomethan angetrieben wird, wird dies mit einem PEF von 0,0 belohnt. Seit dem 1. Januar 2009 ist zudem jeder Eigent\u00fcmer eines Neubaus nach dem Erneuerbare-Energien-W\u00e4rmegesetz (EEW\u00e4rmeG) dazu verpflichtet, seinen Energie- und W\u00e4rmebedarf \u00fcber einen Anteil an Erneuerbaren Energien zu decken. Biomethan als umweltfreundliche Energieform entspricht damit vom Gesetzgeber geforderten Kriterien.<\/p>\t\t\t\t\t\t\t\t<\/div>\n\t\t\t\t<\/div>\n\t\t\t\t\t<\/div>\n\t\t<\/div>\n\t\t\t\t\t<\/div>\n\t\t<\/section>\n\t\t\t\t<\/div>\n\t\t","protected":false},"excerpt":{"rendered":"<p>Wissen Vorteile von Biomethan Biomethan \u2013 schont die Ressourcen Abfallprodukte aus der Landwirtschaft, wie zum Beispiel Pflanzenreste oder organische Stoffe, sind \u00fcbers ganze Jahr verf\u00fcgbar. In Biogasanlagen werden Sie direkt vor Ort verwertet, dann in einer Aufbereitungsanlage zu Biomethan aufbereitet und ins Erdgasnetz eingespeist. Dadurch entfallen lange Transportwege. Durch dieses unkomplizierte Verfahren profitieren alle Seiten: [&hellip;]<\/p>\n","protected":false},"author":15,"featured_media":0,"parent":1339,"menu_order":0,"comment_status":"closed","ping_status":"closed","template":"elementor_header_footer","meta":{"footnotes":""},"class_list":["post-1342","page","type-page","status-publish","hentry"],"_links":{"self":[{"href":"https:\/\/www.bmp-greengas.com\/de\/wp-json\/wp\/v2\/pages\/1342","targetHints":{"allow":["GET"]}}],"collection":[{"href":"https:\/\/www.bmp-greengas.com\/de\/wp-json\/wp\/v2\/pages"}],"about":[{"href":"https:\/\/www.bmp-greengas.com\/de\/wp-json\/wp\/v2\/types\/page"}],"author":[{"embeddable":true,"href":"https:\/\/www.bmp-greengas.com\/de\/wp-json\/wp\/v2\/users\/15"}],"replies":[{"embeddable":true,"href":"https:\/\/www.bmp-greengas.com\/de\/wp-json\/wp\/v2\/comments?post=1342"}],"version-history":[{"count":0,"href":"https:\/\/www.bmp-greengas.com\/de\/wp-json\/wp\/v2\/pages\/1342\/revisions"}],"up":[{"embeddable":true,"href":"https:\/\/www.bmp-greengas.com\/de\/wp-json\/wp\/v2\/pages\/1339"}],"wp:attachment":[{"href":"https:\/\/www.bmp-greengas.com\/de\/wp-json\/wp\/v2\/media?parent=1342"}],"curies":[{"name":"wp","href":"https:\/\/api.w.org\/{rel}","templated":true}]}}