{"id":1340,"date":"2020-12-16T14:24:41","date_gmt":"2020-12-16T13:24:41","guid":{"rendered":"https:\/\/bmp-greengas.de\/schluesseltechnologie-power-to-gas\/"},"modified":"2024-01-18T14:50:14","modified_gmt":"2024-01-18T13:50:14","slug":"schluesseltechnologie-power-to-gas","status":"publish","type":"page","link":"https:\/\/www.bmp-greengas.com\/de\/wissen\/schluesseltechnologie-power-to-gas\/","title":{"rendered":"Schl\u00fcsseltechnologie Power-to-Gas"},"content":{"rendered":"\t\t<div data-elementor-type=\"wp-page\" data-elementor-id=\"1340\" class=\"elementor elementor-1340\" data-elementor-post-type=\"page\">\n\t\t\t\t\t\t<section data-particle_enable=\"false\" data-particle-mobile-disabled=\"false\" class=\"elementor-section elementor-top-section elementor-element elementor-element-d441527 elementor-section-stretched elementor-section-height-min-height elementor-section-content-top elementor-section-boxed elementor-section-height-default elementor-section-items-middle\" data-id=\"d441527\" data-element_type=\"section\" data-e-type=\"section\" data-settings=\"{&quot;stretch_section&quot;:&quot;section-stretched&quot;,&quot;background_background&quot;:&quot;classic&quot;,&quot;background_motion_fx_motion_fx_scrolling&quot;:&quot;yes&quot;,&quot;motion_fx_motion_fx_scrolling&quot;:&quot;yes&quot;,&quot;background_motion_fx_devices&quot;:[&quot;desktop&quot;,&quot;tablet&quot;,&quot;mobile&quot;],&quot;motion_fx_devices&quot;:[&quot;desktop&quot;,&quot;tablet&quot;,&quot;mobile&quot;]}\">\n\t\t\t\t\t\t\t<div class=\"elementor-background-overlay\"><\/div>\n\t\t\t\t\t\t\t<div class=\"elementor-container elementor-column-gap-default\">\n\t\t\t\t\t<div class=\"elementor-column elementor-col-100 elementor-top-column elementor-element elementor-element-2730084\" data-id=\"2730084\" data-element_type=\"column\" data-e-type=\"column\">\n\t\t\t<div class=\"elementor-widget-wrap elementor-element-populated\">\n\t\t\t\t\t\t<div class=\"elementor-element elementor-element-6c38d93 elementor-widget elementor-widget-heading\" data-id=\"6c38d93\" data-element_type=\"widget\" data-e-type=\"widget\" data-widget_type=\"heading.default\">\n\t\t\t\t<div class=\"elementor-widget-container\">\n\t\t\t\t\t<h2 class=\"elementor-heading-title elementor-size-default\">Wissen<\/h2>\t\t\t\t<\/div>\n\t\t\t\t<\/div>\n\t\t\t\t<div class=\"elementor-element elementor-element-337cb79 elementor-widget elementor-widget-heading\" data-id=\"337cb79\" data-element_type=\"widget\" data-e-type=\"widget\" data-widget_type=\"heading.default\">\n\t\t\t\t<div class=\"elementor-widget-container\">\n\t\t\t\t\t<h1 class=\"elementor-heading-title elementor-size-default\">Schl\u00fcssel&shy;technologie Power-to-Gas<\/h1>\t\t\t\t<\/div>\n\t\t\t\t<\/div>\n\t\t\t\t\t<\/div>\n\t\t<\/div>\n\t\t\t\t\t<\/div>\n\t\t<\/section>\n\t\t\t\t<section data-particle_enable=\"false\" data-particle-mobile-disabled=\"false\" class=\"elementor-section elementor-top-section elementor-element elementor-element-28a2c222 elementor-section-boxed elementor-section-height-default elementor-section-height-default\" data-id=\"28a2c222\" data-element_type=\"section\" data-e-type=\"section\">\n\t\t\t\t\t\t<div class=\"elementor-container elementor-column-gap-default\">\n\t\t\t\t\t<div class=\"elementor-column elementor-col-100 elementor-top-column elementor-element elementor-element-3802c4\" data-id=\"3802c4\" data-element_type=\"column\" data-e-type=\"column\">\n\t\t\t<div class=\"elementor-widget-wrap elementor-element-populated\">\n\t\t\t\t\t\t<div class=\"elementor-element elementor-element-1ef9cc0 elementor-widget elementor-widget-heading\" data-id=\"1ef9cc0\" data-element_type=\"widget\" data-e-type=\"widget\" data-widget_type=\"heading.default\">\n\t\t\t\t<div class=\"elementor-widget-container\">\n\t\t\t\t\t<h2 class=\"elementor-heading-title elementor-size-default\"><span style=\"color: #8ab821\"> Power-to-Gas<\/span> <br>Aus erneuerbaren Energien entsteht Gr\u00fcnes Gas, das vielseitig eingesetzt werden kann.<\/h2>\t\t\t\t<\/div>\n\t\t\t\t<\/div>\n\t\t\t\t<div class=\"elementor-element elementor-element-a092891 elementor-widget elementor-widget-image\" data-id=\"a092891\" data-element_type=\"widget\" data-e-type=\"widget\" data-widget_type=\"image.default\">\n\t\t\t\t<div class=\"elementor-widget-container\">\n\t\t\t\t\t\t\t\t\t\t\t\t\t\t\t<img fetchpriority=\"high\" decoding=\"async\" width=\"1640\" height=\"799\" src=\"https:\/\/www.bmp-greengas.com\/wp-content\/uploads\/2023\/02\/180426_bmp_PtG_InfoGrafik_2deutsch-2023.jpg\" class=\"attachment-full size-full wp-image-19755\" alt=\"bmp greengas | Infografik Gr\u00fcne Gase\" srcset=\"https:\/\/www.bmp-greengas.com\/wp-content\/uploads\/2023\/02\/180426_bmp_PtG_InfoGrafik_2deutsch-2023.jpg 1640w, https:\/\/www.bmp-greengas.com\/wp-content\/uploads\/2023\/02\/180426_bmp_PtG_InfoGrafik_2deutsch-2023-300x146.jpg 300w, https:\/\/www.bmp-greengas.com\/wp-content\/uploads\/2023\/02\/180426_bmp_PtG_InfoGrafik_2deutsch-2023-1024x499.jpg 1024w, https:\/\/www.bmp-greengas.com\/wp-content\/uploads\/2023\/02\/180426_bmp_PtG_InfoGrafik_2deutsch-2023-768x374.jpg 768w, https:\/\/www.bmp-greengas.com\/wp-content\/uploads\/2023\/02\/180426_bmp_PtG_InfoGrafik_2deutsch-2023-1536x748.jpg 1536w\" sizes=\"(max-width: 1640px) 100vw, 1640px\" \/>\t\t\t\t\t\t\t\t\t\t\t\t\t\t\t<\/div>\n\t\t\t\t<\/div>\n\t\t\t\t<div class=\"elementor-element elementor-element-60d6f4c9 elementor-invisible elementor-widget elementor-widget-heading\" data-id=\"60d6f4c9\" data-element_type=\"widget\" data-e-type=\"widget\" data-settings=\"{&quot;_animation&quot;:&quot;fadeInUp&quot;}\" data-widget_type=\"heading.default\">\n\t\t\t\t<div class=\"elementor-widget-container\">\n\t\t\t\t\t<h2 class=\"elementor-heading-title elementor-size-default\">Power-to-Gas nutzt \u00dcberflussstrom aus erneuerbaren Quellen<\/h2>\t\t\t\t<\/div>\n\t\t\t\t<\/div>\n\t\t\t\t<div class=\"elementor-element elementor-element-24d4cc46 elementor-invisible elementor-widget elementor-widget-text-editor\" data-id=\"24d4cc46\" data-element_type=\"widget\" data-e-type=\"widget\" data-settings=\"{&quot;_animation&quot;:&quot;fadeInUp&quot;}\" data-widget_type=\"text-editor.default\">\n\t\t\t\t<div class=\"elementor-widget-container\">\n\t\t\t\t\t\t\t\t\t<p>In Power-to-Gas-Anlagen wird aus Wasser durch Elektrolyse Wasserstoff gewonnen \u2013 hierf\u00fcr werden Strom\u00fcbersch\u00fcsse aus Sonnen- und Windenergie verwendet. Der Wasserstoff kann entweder direkt genutzt werden oder in einem zweiten Schritt mithilfe von erneuerbar erzeugtem Kohlendioxid in Biomethan umgewandelt werden. Dieses wird aufgrund der synthetischen Herstellungsweise als Bio-SNG (Synthetic Natural Gas) bezeichnet. Die durch Power-to-Gas entstandenen gr\u00fcnen Gase k\u00f6nnen in bestehende Netz-Infrastrukturen eingespeist und dauerhaft gespeichert werden.<\/p>\t\t\t\t\t\t\t\t<\/div>\n\t\t\t\t<\/div>\n\t\t\t\t<div class=\"elementor-element elementor-element-14d56afd elementor-invisible elementor-widget elementor-widget-heading\" data-id=\"14d56afd\" data-element_type=\"widget\" data-e-type=\"widget\" data-settings=\"{&quot;_animation&quot;:&quot;fadeInUp&quot;}\" data-widget_type=\"heading.default\">\n\t\t\t\t<div class=\"elementor-widget-container\">\n\t\t\t\t\t<h2 class=\"elementor-heading-title elementor-size-default\">Power-to-Gas verringert die Entstehung von Treibhausgas<\/h2>\t\t\t\t<\/div>\n\t\t\t\t<\/div>\n\t\t\t\t<div class=\"elementor-element elementor-element-57633ee2 elementor-invisible elementor-widget elementor-widget-text-editor\" data-id=\"57633ee2\" data-element_type=\"widget\" data-e-type=\"widget\" data-settings=\"{&quot;_animation&quot;:&quot;fadeInUp&quot;}\" data-widget_type=\"text-editor.default\">\n\t\t\t\t<div class=\"elementor-widget-container\">\n\t\t\t\t\t\t\t\t\t<p>Die Power-to-Gas-Technologie kann f\u00fcr verschiedene Anwendungsbereiche eingesetzt werden. Neben der Nutzung von reinem Wasserstoff und Bio-SNG als Energiequelle oder Speichermedium k\u00f6nnen durch das Verfahren auch Power-to-Liquid-Produkte wie Kraftstoff und eine Vielzahl von Basischemikalien hergestellt werden. Die M\u00f6glichkeiten reichen von der Strom- und W\u00e4rmeerzeugung \u00fcber den Einsatz in der Chemieindustrie bis hin zur Nutzung in der Schifffahrt und im Stra\u00dfenverkehr.<\/p>\t\t\t\t\t\t\t\t<\/div>\n\t\t\t\t<\/div>\n\t\t\t\t<div class=\"elementor-element elementor-element-5d9abfa3 elementor-invisible elementor-widget elementor-widget-heading\" data-id=\"5d9abfa3\" data-element_type=\"widget\" data-e-type=\"widget\" data-settings=\"{&quot;_animation&quot;:&quot;fadeInUp&quot;}\" data-widget_type=\"heading.default\">\n\t\t\t\t<div class=\"elementor-widget-container\">\n\t\t\t\t\t<h2 class=\"elementor-heading-title elementor-size-default\">Power-to-Gas bietet Sicherheit bei der Energieversorgung<\/h2>\t\t\t\t<\/div>\n\t\t\t\t<\/div>\n\t\t\t\t<div class=\"elementor-element elementor-element-6a1b7347 elementor-invisible elementor-widget elementor-widget-text-editor\" data-id=\"6a1b7347\" data-element_type=\"widget\" data-e-type=\"widget\" data-settings=\"{&quot;_animation&quot;:&quot;fadeInUp&quot;}\" data-widget_type=\"text-editor.default\">\n\t\t\t\t<div class=\"elementor-widget-container\">\n\t\t\t\t\t\t\t\t\t<p>Ohne Speicherverfahren bleibt \u00fcbersch\u00fcssiger erneuerbarer Strom einfach ungenutzt. Hier setzt die Power-to-Gas-Technologie an, die elektrische Energie in stoffliche Energietr\u00e4ger umwandelt, aus denen bei Bedarf wieder Strom gewonnen werden kann. Power-to-Gas-Anlagen k\u00f6nnen sowohl gro\u00dfe Strommengen nutzbar machen, als auch Regelleistungen anbieten und so flexibel auf Stromschwankungen reagieren. Nur durch die Power-to-Gas-Technik ist es m\u00f6glich, erneuerbaren Strom zu 100 % effizient und ausfallfrei zu verwenden.<\/p>\t\t\t\t\t\t\t\t<\/div>\n\t\t\t\t<\/div>\n\t\t\t\t<div class=\"elementor-element elementor-element-3130fc93 elementor-invisible elementor-widget elementor-widget-heading\" data-id=\"3130fc93\" data-element_type=\"widget\" data-e-type=\"widget\" data-settings=\"{&quot;_animation&quot;:&quot;fadeInUp&quot;}\" data-widget_type=\"heading.default\">\n\t\t\t\t<div class=\"elementor-widget-container\">\n\t\t\t\t\t<h2 class=\"elementor-heading-title elementor-size-default\">Power-to-Gas &amp; Sektorenkopplung: Ein Konzept f\u00fcr alle Bereiche<\/h2>\t\t\t\t<\/div>\n\t\t\t\t<\/div>\n\t\t\t\t<div class=\"elementor-element elementor-element-642b8891 elementor-invisible elementor-widget elementor-widget-text-editor\" data-id=\"642b8891\" data-element_type=\"widget\" data-e-type=\"widget\" data-settings=\"{&quot;_animation&quot;:&quot;fadeInUp&quot;}\" data-widget_type=\"text-editor.default\">\n\t\t\t\t<div class=\"elementor-widget-container\">\n\t\t\t\t\t\t\t\t\t<p>Die Sektorenkopplung zielt darauf ab, ein Gesamtkonzept f\u00fcr die integrierte Nutzung kohlenstofffreier Stromerzeugung und erneuerbarer Kohlenstoffquellen zu realisieren. Unterschiedliche Industriesektoren arbeiten interdisziplin\u00e4r zusammen, um umweltfreundliche Technologien zusammenzuf\u00fchren. Die elektrische Energie wird dabei zum Bindeglied zwischen den Bereichen W\u00e4rme, Elektrizit\u00e4t, Mobilit\u00e4t, Industrie und Immobilien. Ziel der Sektorenkopplung ist es, mehr Nutzen aus erneuerbaren Energieformen zu ziehen und eine Balance zwischen \u00f6kologischer Erzeugung, Versorgungssicherheit und \u00f6konomischem Verbrauch herzustellen.<\/p>\t\t\t\t\t\t\t\t<\/div>\n\t\t\t\t<\/div>\n\t\t\t\t<div class=\"elementor-element elementor-element-24e8e716 elementor-invisible elementor-widget elementor-widget-heading\" data-id=\"24e8e716\" data-element_type=\"widget\" data-e-type=\"widget\" data-settings=\"{&quot;_animation&quot;:&quot;fadeInUp&quot;}\" data-widget_type=\"heading.default\">\n\t\t\t\t<div class=\"elementor-widget-container\">\n\t\t\t\t\t<h2 class=\"elementor-heading-title elementor-size-default\">Power-to-Gas ist bereit f\u00fcr die Zukunft<\/h2>\t\t\t\t<\/div>\n\t\t\t\t<\/div>\n\t\t\t\t<div class=\"elementor-element elementor-element-cd36df3 elementor-invisible elementor-widget elementor-widget-text-editor\" data-id=\"cd36df3\" data-element_type=\"widget\" data-e-type=\"widget\" data-settings=\"{&quot;_animation&quot;:&quot;fadeInUp&quot;}\" data-widget_type=\"text-editor.default\">\n\t\t\t\t<div class=\"elementor-widget-container\">\n\t\t\t\t\t\t\t\t\t<p>Im Jahr 2050 werden laut energiewirtschaftlichen Studien zwischen 100 und 700 TWh Energie aus synthetischen Energietr\u00e4gern ben\u00f6tigt. Mithilfe der Speicherm\u00f6glichkeiten von Power-to-Gas soll ein gro\u00dfer Teil des Bedarfs an kohlenstoffarmer Energie gedeckt werden. Daf\u00fcr m\u00fcssen die entsprechenden Rahmenbedingungen geschaffen werden: Neben der Entwicklung effizienterer und kosteng\u00fcnstigerer Verfahren muss der Ausbau der Infrastruktur f\u00fcr Power-to-Gas voranschreiten. Voraussetzung ist der Abbau von rechtlich-regulatorischen Hemmnissen, die Umgestaltung von F\u00f6rdermechanismen und die Schaffung eines technologieoffenen Rechtsrahmens in Deutschland und Europa.<\/p>\t\t\t\t\t\t\t\t<\/div>\n\t\t\t\t<\/div>\n\t\t\t\t<div class=\"elementor-element elementor-element-5094c988 elementor-invisible elementor-widget elementor-widget-heading\" data-id=\"5094c988\" data-element_type=\"widget\" data-e-type=\"widget\" data-settings=\"{&quot;_animation&quot;:&quot;fadeInUp&quot;}\" data-widget_type=\"heading.default\">\n\t\t\t\t<div class=\"elementor-widget-container\">\n\t\t\t\t\t<h2 class=\"elementor-heading-title elementor-size-default\">Power-to-Gas ist eine Schl\u00fcsseltechnologie der Energiewende<\/h2>\t\t\t\t<\/div>\n\t\t\t\t<\/div>\n\t\t\t\t<div class=\"elementor-element elementor-element-463eb93a elementor-invisible elementor-widget elementor-widget-text-editor\" data-id=\"463eb93a\" data-element_type=\"widget\" data-e-type=\"widget\" data-settings=\"{&quot;_animation&quot;:&quot;fadeInUp&quot;}\" data-widget_type=\"text-editor.default\">\n\t\t\t\t<div class=\"elementor-widget-container\">\n\t\t\t\t\t\t\t\t\t<p>Power-to-Gas ist einer der wichtigsten Bausteine, um die Klimaschutzziele in Deutschland zu erreichen. Denn diese Technologie hilft dabei, den Energiebedarf der Sektoren W\u00e4rme, Verkehr und Industrie kohlendioxidarm zu decken. Nur wenn in allen Bereichen fossile Rohstoffe durch erneuerbare Energien ersetzt werden, k\u00f6nnen die Treibhausgasemissionen bis 2050 um 80 bis 95 % reduziert \u00a0werden.<\/p>\t\t\t\t\t\t\t\t<\/div>\n\t\t\t\t<\/div>\n\t\t\t\t<div class=\"elementor-element elementor-element-2333538f elementor-invisible elementor-widget elementor-widget-heading\" data-id=\"2333538f\" data-element_type=\"widget\" data-e-type=\"widget\" data-settings=\"{&quot;_animation&quot;:&quot;fadeInUp&quot;}\" data-widget_type=\"heading.default\">\n\t\t\t\t<div class=\"elementor-widget-container\">\n\t\t\t\t\t<h2 class=\"elementor-heading-title elementor-size-default\">Deutschland ist Vorreiter bei Power-to-Gas<\/h2>\t\t\t\t<\/div>\n\t\t\t\t<\/div>\n\t\t\t\t<div class=\"elementor-element elementor-element-26bb1e12 elementor-invisible elementor-widget elementor-widget-text-editor\" data-id=\"26bb1e12\" data-element_type=\"widget\" data-e-type=\"widget\" data-settings=\"{&quot;_animation&quot;:&quot;fadeInUp&quot;}\" data-widget_type=\"text-editor.default\">\n\t\t\t\t<div class=\"elementor-widget-container\">\n\t\t\t\t\t\t\t\t\t<p>Aufgrund seiner hervorragenden Umwelteigenschaften wird das in Power-to-Gas-Anlagen entstandene, gr\u00fcne Gas in Deutschland auch als \u201eWindgas\u201c bezeichnet. Es wird in zahlreichen, neu entstehenden Einstiegsm\u00e4rkten verwendet oder verarbeitet. In Deutschland gibt es mehr als 30 Pilotprojekte mit einer Elektrolyseleistung von \u00fcber 20 MW. Startups und etablierte Unternehmen testen bereits neue Verfahren, Komponenten und Betriebskonzepte. Im Rahmen von Forschungsprojekten werden in Deutschland erste konkrete Projekte der Sektorenkopplung \u00f6ffentlich gef\u00f6rdert. Aber auch andere L\u00e4nder sind bereits im Bereich Power-to-Gas aktiv. Dazu geh\u00f6ren L\u00e4nder wie die USA, Japan, Australien, D\u00e4nemark, Island und die Schweiz.<\/p>\t\t\t\t\t\t\t\t<\/div>\n\t\t\t\t<\/div>\n\t\t\t\t\t<\/div>\n\t\t<\/div>\n\t\t\t\t\t<\/div>\n\t\t<\/section>\n\t\t\t\t<\/div>\n\t\t","protected":false},"excerpt":{"rendered":"<p>Wissen Schl\u00fcssel&shy;technologie Power-to-Gas Power-to-Gas Aus erneuerbaren Energien entsteht Gr\u00fcnes Gas, das vielseitig eingesetzt werden kann. Power-to-Gas nutzt \u00dcberflussstrom aus erneuerbaren Quellen In Power-to-Gas-Anlagen wird aus Wasser durch Elektrolyse Wasserstoff gewonnen \u2013 hierf\u00fcr werden Strom\u00fcbersch\u00fcsse aus Sonnen- und Windenergie verwendet. Der Wasserstoff kann entweder direkt genutzt werden oder in einem zweiten Schritt mithilfe von erneuerbar erzeugtem [&hellip;]<\/p>\n","protected":false},"author":15,"featured_media":0,"parent":1339,"menu_order":4,"comment_status":"closed","ping_status":"closed","template":"elementor_header_footer","meta":{"footnotes":""},"class_list":["post-1340","page","type-page","status-publish","hentry"],"_links":{"self":[{"href":"https:\/\/www.bmp-greengas.com\/de\/wp-json\/wp\/v2\/pages\/1340","targetHints":{"allow":["GET"]}}],"collection":[{"href":"https:\/\/www.bmp-greengas.com\/de\/wp-json\/wp\/v2\/pages"}],"about":[{"href":"https:\/\/www.bmp-greengas.com\/de\/wp-json\/wp\/v2\/types\/page"}],"author":[{"embeddable":true,"href":"https:\/\/www.bmp-greengas.com\/de\/wp-json\/wp\/v2\/users\/15"}],"replies":[{"embeddable":true,"href":"https:\/\/www.bmp-greengas.com\/de\/wp-json\/wp\/v2\/comments?post=1340"}],"version-history":[{"count":0,"href":"https:\/\/www.bmp-greengas.com\/de\/wp-json\/wp\/v2\/pages\/1340\/revisions"}],"up":[{"embeddable":true,"href":"https:\/\/www.bmp-greengas.com\/de\/wp-json\/wp\/v2\/pages\/1339"}],"wp:attachment":[{"href":"https:\/\/www.bmp-greengas.com\/de\/wp-json\/wp\/v2\/media?parent=1340"}],"curies":[{"name":"wp","href":"https:\/\/api.w.org\/{rel}","templated":true}]}}