{"id":1329,"date":"2020-12-16T14:24:41","date_gmt":"2020-12-16T13:24:41","guid":{"rendered":"https:\/\/bmp-greengas.de\/remit\/"},"modified":"2023-02-03T17:09:27","modified_gmt":"2023-02-03T16:09:27","slug":"remit","status":"publish","type":"page","link":"https:\/\/www.bmp-greengas.com\/de\/remit\/","title":{"rendered":"Remit"},"content":{"rendered":"\t\t<div data-elementor-type=\"wp-page\" data-elementor-id=\"1329\" class=\"elementor elementor-1329\" data-elementor-post-type=\"page\">\n\t\t\t\t\t\t<section data-particle_enable=\"false\" data-particle-mobile-disabled=\"false\" class=\"elementor-section elementor-top-section elementor-element elementor-element-11f78ec elementor-section-boxed elementor-section-height-default elementor-section-height-default\" data-id=\"11f78ec\" data-element_type=\"section\" data-e-type=\"section\">\n\t\t\t\t\t\t<div class=\"elementor-container elementor-column-gap-default\">\n\t\t\t\t\t<div class=\"elementor-column elementor-col-100 elementor-top-column elementor-element elementor-element-c83fdb9\" data-id=\"c83fdb9\" data-element_type=\"column\" data-e-type=\"column\">\n\t\t\t<div class=\"elementor-widget-wrap elementor-element-populated\">\n\t\t\t\t\t\t<div class=\"elementor-element elementor-element-e90664d elementor-widget elementor-widget-button\" data-id=\"e90664d\" data-element_type=\"widget\" data-e-type=\"widget\" data-widget_type=\"button.default\">\n\t\t\t\t<div class=\"elementor-widget-container\">\n\t\t\t\t\t\t\t\t\t<div class=\"elementor-button-wrapper\">\n\t\t\t\t\t<a class=\"elementor-button elementor-button-link elementor-size-sm\" href=\"https:\/\/www.bmp-greengas.com\/remit\/feed\/\">\n\t\t\t\t\t\t<span class=\"elementor-button-content-wrapper\">\n\t\t\t\t\t\t\t\t\t<span class=\"elementor-button-text\">REMIT RSS-Feed abonnieren<\/span>\n\t\t\t\t\t<\/span>\n\t\t\t\t\t<\/a>\n\t\t\t\t<\/div>\n\t\t\t\t\t\t\t\t<\/div>\n\t\t\t\t<\/div>\n\t\t\t\t<div class=\"elementor-element elementor-element-4c5dc92 elementor-widget elementor-widget-text-editor\" data-id=\"4c5dc92\" data-element_type=\"widget\" data-e-type=\"widget\" data-widget_type=\"text-editor.default\">\n\t\t\t\t<div class=\"elementor-widget-container\">\n\t\t\t\t\t\t\t\t\t<p>Derzeit liegen keine Insider-Informationen nach Art. 4 Abs. 1 der REMIT vor.<\/p><p><strong>Ver\u00f6ffentlichungen nach REMIT<\/strong><br \/>RSS-Feed<br \/>Die bmp greengas GmbH ver\u00f6ffentlicht an dieser Stelle wichtige Insider-Informationen gem\u00e4\u00df der EU-Verordnung<br \/>Nr. 1227\/2011 \u00fcber die Integrit\u00e4t und Transparenz des Energiegro\u00dfhandels (REMIT) vom 25. Oktober 2011. Derzeit liegen keine Insider-Informationen nach Art. 4 Abs. 1 der REMIT vor.<\/p>\t\t\t\t\t\t\t\t<\/div>\n\t\t\t\t<\/div>\n\t\t\t\t\t<\/div>\n\t\t<\/div>\n\t\t\t\t\t<\/div>\n\t\t<\/section>\n\t\t\t\t<\/div>\n\t\t","protected":false},"excerpt":{"rendered":"<p>REMIT RSS-Feed abonnieren Derzeit liegen keine Insider-Informationen nach Art. 4 Abs. 1 der REMIT vor. Ver\u00f6ffentlichungen nach REMITRSS-FeedDie bmp greengas GmbH ver\u00f6ffentlicht an dieser Stelle wichtige Insider-Informationen gem\u00e4\u00df der EU-VerordnungNr. 1227\/2011 \u00fcber die Integrit\u00e4t und Transparenz des Energiegro\u00dfhandels (REMIT) vom 25. Oktober 2011. Derzeit liegen keine Insider-Informationen nach Art. 4 Abs. 1 der REMIT vor.<\/p>\n","protected":false},"author":15,"featured_media":0,"parent":0,"menu_order":23,"comment_status":"closed","ping_status":"closed","template":"","meta":{"footnotes":""},"class_list":["post-1329","page","type-page","status-publish","hentry"],"_links":{"self":[{"href":"https:\/\/www.bmp-greengas.com\/de\/wp-json\/wp\/v2\/pages\/1329","targetHints":{"allow":["GET"]}}],"collection":[{"href":"https:\/\/www.bmp-greengas.com\/de\/wp-json\/wp\/v2\/pages"}],"about":[{"href":"https:\/\/www.bmp-greengas.com\/de\/wp-json\/wp\/v2\/types\/page"}],"author":[{"embeddable":true,"href":"https:\/\/www.bmp-greengas.com\/de\/wp-json\/wp\/v2\/users\/15"}],"replies":[{"embeddable":true,"href":"https:\/\/www.bmp-greengas.com\/de\/wp-json\/wp\/v2\/comments?post=1329"}],"version-history":[{"count":0,"href":"https:\/\/www.bmp-greengas.com\/de\/wp-json\/wp\/v2\/pages\/1329\/revisions"}],"wp:attachment":[{"href":"https:\/\/www.bmp-greengas.com\/de\/wp-json\/wp\/v2\/media?parent=1329"}],"curies":[{"name":"wp","href":"https:\/\/api.w.org\/{rel}","templated":true}]}}