{"id":11649,"date":"2022-04-20T21:37:41","date_gmt":"2022-04-20T19:37:51","guid":{"rendered":"https:\/\/www.bmp-greengas.de\/?page_id=11649"},"modified":"2026-02-25T10:01:30","modified_gmt":"2026-02-25T09:01:30","slug":"e-world","status":"publish","type":"page","link":"https:\/\/www.bmp-greengas.com\/de\/e-world\/","title":{"rendered":"e-world"},"content":{"rendered":"\t\t<div data-elementor-type=\"wp-page\" data-elementor-id=\"11649\" class=\"elementor elementor-11649\" data-elementor-post-type=\"page\">\n\t\t\t\t\t\t<section data-particle_enable=\"false\" data-particle-mobile-disabled=\"false\" class=\"elementor-section elementor-top-section elementor-element elementor-element-7464d6f elementor-section-stretched elementor-section-height-min-height elementor-section-boxed elementor-section-height-default elementor-section-items-middle\" data-id=\"7464d6f\" data-element_type=\"section\" data-e-type=\"section\" data-settings=\"{&quot;stretch_section&quot;:&quot;section-stretched&quot;,&quot;background_motion_fx_motion_fx_scrolling&quot;:&quot;yes&quot;,&quot;background_background&quot;:&quot;classic&quot;,&quot;background_motion_fx_devices&quot;:[&quot;desktop&quot;,&quot;tablet&quot;,&quot;mobile&quot;]}\">\n\t\t\t\t\t\t\t<div class=\"elementor-background-overlay\"><\/div>\n\t\t\t\t\t\t\t<div class=\"elementor-container elementor-column-gap-default\">\n\t\t\t\t\t<div class=\"elementor-column elementor-col-100 elementor-top-column elementor-element elementor-element-b48125e\" data-id=\"b48125e\" data-element_type=\"column\" data-e-type=\"column\">\n\t\t\t<div class=\"elementor-widget-wrap\">\n\t\t\t\t\t\t\t<\/div>\n\t\t<\/div>\n\t\t\t\t\t<\/div>\n\t\t<\/section>\n\t\t\t\t<section data-particle_enable=\"false\" data-particle-mobile-disabled=\"false\" class=\"elementor-section elementor-top-section elementor-element elementor-element-7de3025 intro-text elementor-section-boxed elementor-section-height-default elementor-section-height-default\" data-id=\"7de3025\" data-element_type=\"section\" data-e-type=\"section\">\n\t\t\t\t\t\t<div class=\"elementor-container elementor-column-gap-default\">\n\t\t\t\t\t<div class=\"elementor-column elementor-col-100 elementor-top-column elementor-element elementor-element-cfb9d4d\" data-id=\"cfb9d4d\" data-element_type=\"column\" data-e-type=\"column\">\n\t\t\t<div class=\"elementor-widget-wrap elementor-element-populated\">\n\t\t\t\t\t\t<div class=\"elementor-element elementor-element-057fbac elementor-widget elementor-widget-heading\" data-id=\"057fbac\" data-element_type=\"widget\" data-e-type=\"widget\" data-widget_type=\"heading.default\">\n\t\t\t\t<div class=\"elementor-widget-container\">\n\t\t\t\t\t<h1 class=\"elementor-heading-title elementor-size-default\">E-world vom 10. bis 12. Februar 2026<\/h1>\t\t\t\t<\/div>\n\t\t\t\t<\/div>\n\t\t\t\t<div class=\"elementor-element elementor-element-fb55cc6 elementor-widget elementor-widget-text-editor\" data-id=\"fb55cc6\" data-element_type=\"widget\" data-e-type=\"widget\" data-widget_type=\"text-editor.default\">\n\t\t\t\t<div class=\"elementor-widget-container\">\n\t\t\t\t\t\t\t\t\t<p>Buchen Sie hier Ihren pers\u00f6nlichen Gespr\u00e4chstermin auf unserem Messestand in Halle 1, Stand 1C102.<\/p>\t\t\t\t\t\t\t\t<\/div>\n\t\t\t\t<\/div>\n\t\t\t\t\t<\/div>\n\t\t<\/div>\n\t\t\t\t\t<\/div>\n\t\t<\/section>\n\t\t\t\t<section data-particle_enable=\"false\" data-particle-mobile-disabled=\"false\" class=\"elementor-section elementor-top-section elementor-element elementor-element-f7e0a0 elementor-section-boxed elementor-section-height-default elementor-section-height-default\" data-id=\"f7e0a0\" data-element_type=\"section\" data-e-type=\"section\">\n\t\t\t\t\t\t<div class=\"elementor-container elementor-column-gap-default\">\n\t\t\t\t\t<div class=\"elementor-column elementor-col-100 elementor-top-column elementor-element elementor-element-a468f19\" data-id=\"a468f19\" data-element_type=\"column\" data-e-type=\"column\">\n\t\t\t<div class=\"elementor-widget-wrap elementor-element-populated\">\n\t\t\t\t\t\t<div class=\"elementor-element elementor-element-2bf51505 elementor-button-align-stretch elementor-widget elementor-widget-form\" data-id=\"2bf51505\" data-element_type=\"widget\" data-e-type=\"widget\" data-settings=\"{&quot;step_next_label&quot;:&quot;N\\u00e4chster&quot;,&quot;step_previous_label&quot;:&quot;Voriger&quot;,&quot;button_width&quot;:&quot;100&quot;,&quot;step_type&quot;:&quot;number_text&quot;,&quot;step_icon_shape&quot;:&quot;circle&quot;}\" data-widget_type=\"form.default\">\n\t\t\t\t<div class=\"elementor-widget-container\">\n\t\t\t\t\t\t\t<form class=\"elementor-form\" method=\"post\" name=\"Kontakt Anfrage\" aria-label=\"Kontakt Anfrage\">\n\t\t\t<input type=\"hidden\" name=\"post_id\" value=\"11649\"\/>\n\t\t\t<input type=\"hidden\" name=\"form_id\" value=\"2bf51505\"\/>\n\t\t\t<input type=\"hidden\" name=\"referer_title\" value=\"e-world - bmp greengas\" \/>\n\n\t\t\t\t\t\t\t<input type=\"hidden\" name=\"queried_id\" value=\"11649\"\/>\n\t\t\t\n\t\t\t<div class=\"elementor-form-fields-wrapper elementor-labels-above\">\n\t\t\t\t\t\t\t\t<div class=\"elementor-field-type-text elementor-field-group elementor-column elementor-field-group-field_6fa6bce elementor-col-33 elementor-field-required elementor-mark-required\">\n\t\t\t\t\t\t\t\t\t\t\t\t<label for=\"form-field-field_6fa6bce\" class=\"elementor-field-label\">\n\t\t\t\t\t\t\t\tName\t\t\t\t\t\t\t<\/label>\n\t\t\t\t\t\t\t\t\t\t\t\t\t\t<input size=\"1\" type=\"text\" name=\"form_fields[field_6fa6bce]\" id=\"form-field-field_6fa6bce\" class=\"elementor-field elementor-size-md  elementor-field-textual\" placeholder=\"Name\" required=\"required\">\n\t\t\t\t\t\t\t\t\t\t\t<\/div>\n\t\t\t\t\t\t\t\t<div class=\"elementor-field-type-text elementor-field-group elementor-column elementor-field-group-name elementor-col-33 elementor-field-required elementor-mark-required\">\n\t\t\t\t\t\t\t\t\t\t\t\t<label for=\"form-field-name\" class=\"elementor-field-label\">\n\t\t\t\t\t\t\t\tFirma\t\t\t\t\t\t\t<\/label>\n\t\t\t\t\t\t\t\t\t\t\t\t\t\t<input size=\"1\" type=\"text\" name=\"form_fields[name]\" id=\"form-field-name\" class=\"elementor-field elementor-size-md  elementor-field-textual\" placeholder=\"Firma\" required=\"required\">\n\t\t\t\t\t\t\t\t\t\t\t<\/div>\n\t\t\t\t\t\t\t\t<div class=\"elementor-field-type-email elementor-field-group elementor-column elementor-field-group-email elementor-col-33 elementor-field-required elementor-mark-required\">\n\t\t\t\t\t\t\t\t\t\t\t\t<label for=\"form-field-email\" class=\"elementor-field-label\">\n\t\t\t\t\t\t\t\tE-Mail\t\t\t\t\t\t\t<\/label>\n\t\t\t\t\t\t\t\t\t\t\t\t\t\t<input size=\"1\" type=\"email\" name=\"form_fields[email]\" id=\"form-field-email\" class=\"elementor-field elementor-size-md  elementor-field-textual\" placeholder=\"E-Mail\" required=\"required\">\n\t\t\t\t\t\t\t\t\t\t\t<\/div>\n\t\t\t\t\t\t\t\t<div class=\"elementor-field-type-select elementor-field-group elementor-column elementor-field-group-field_f4844c3 elementor-col-33 elementor-md-50\">\n\t\t\t\t\t\t\t\t\t\t\t\t<label for=\"form-field-field_f4844c3\" class=\"elementor-field-label\">\n\t\t\t\t\t\t\t\tBevorzugter Tag f\u00fcr einen Termin\t\t\t\t\t\t\t<\/label>\n\t\t\t\t\t\t\t\t<div class=\"elementor-field elementor-select-wrapper remove-before \">\n\t\t\t<div class=\"select-caret-down-wrapper\">\n\t\t\t\t<i aria-hidden=\"true\" class=\"eicon-caret-down\"><\/i>\t\t\t<\/div>\n\t\t\t<select name=\"form_fields[field_f4844c3]\" id=\"form-field-field_f4844c3\" class=\"elementor-field-textual elementor-size-md\">\n\t\t\t\t\t\t\t\t\t<option value=\"Dienstag, 10. Februar 2026\">Dienstag, 10. Februar 2026<\/option>\n\t\t\t\t\t\t\t\t\t<option value=\"Mittwoch, 11. Februar 2026\">Mittwoch, 11. Februar 2026<\/option>\n\t\t\t\t\t\t\t\t\t<option value=\"Donnerstag, 12. Februar 2026\">Donnerstag, 12. Februar 2026<\/option>\n\t\t\t\t\t\t\t<\/select>\n\t\t<\/div>\n\t\t\t\t\t\t<\/div>\n\t\t\t\t\t\t\t\t<div class=\"elementor-field-type-select elementor-field-group elementor-column elementor-field-group-field_cf03458 elementor-col-33 elementor-md-50\">\n\t\t\t\t\t\t\t\t\t\t\t\t<label for=\"form-field-field_cf03458\" class=\"elementor-field-label\">\n\t\t\t\t\t\t\t\tBevorzugte Uhrzeit\t\t\t\t\t\t\t<\/label>\n\t\t\t\t\t\t\t\t<div class=\"elementor-field elementor-select-wrapper remove-before \">\n\t\t\t<div class=\"select-caret-down-wrapper\">\n\t\t\t\t<i aria-hidden=\"true\" class=\"eicon-caret-down\"><\/i>\t\t\t<\/div>\n\t\t\t<select name=\"form_fields[field_cf03458]\" id=\"form-field-field_cf03458\" class=\"elementor-field-textual elementor-size-md\">\n\t\t\t\t\t\t\t\t\t<option value=\"09:00 Uhr\">09:00 Uhr<\/option>\n\t\t\t\t\t\t\t\t\t<option value=\"09:30 Uhr\">09:30 Uhr<\/option>\n\t\t\t\t\t\t\t\t\t<option value=\"10:00 Uhr\">10:00 Uhr<\/option>\n\t\t\t\t\t\t\t\t\t<option value=\"10:30 Uhr\">10:30 Uhr<\/option>\n\t\t\t\t\t\t\t\t\t<option value=\"11:00 Uhr\">11:00 Uhr<\/option>\n\t\t\t\t\t\t\t\t\t<option value=\"11:30 Uhr\">11:30 Uhr<\/option>\n\t\t\t\t\t\t\t\t\t<option value=\"12:00 Uhr\">12:00 Uhr<\/option>\n\t\t\t\t\t\t\t\t\t<option value=\"12:30 Uhr\">12:30 Uhr<\/option>\n\t\t\t\t\t\t\t\t\t<option value=\"13:00 Uhr\">13:00 Uhr<\/option>\n\t\t\t\t\t\t\t\t\t<option value=\"13:30 Uhr\">13:30 Uhr<\/option>\n\t\t\t\t\t\t\t\t\t<option value=\"14:00 Uhr\">14:00 Uhr<\/option>\n\t\t\t\t\t\t\t\t\t<option value=\"14:30 Uhr\">14:30 Uhr<\/option>\n\t\t\t\t\t\t\t\t\t<option value=\"15:00 Uhr\">15:00 Uhr<\/option>\n\t\t\t\t\t\t\t\t\t<option value=\"15:30 Uhr\">15:30 Uhr<\/option>\n\t\t\t\t\t\t\t\t\t<option value=\"16:00 Uhr\">16:00 Uhr<\/option>\n\t\t\t\t\t\t\t\t\t<option value=\"16:30 Uhr\">16:30 Uhr<\/option>\n\t\t\t\t\t\t\t\t\t<option value=\"17:00 Uhr\">17:00 Uhr<\/option>\n\t\t\t\t\t\t\t\t\t<option value=\"17:30 Uhr\">17:30 Uhr<\/option>\n\t\t\t\t\t\t\t<\/select>\n\t\t<\/div>\n\t\t\t\t\t\t<\/div>\n\t\t\t\t\t\t\t\t<div class=\"elementor-field-type-select elementor-field-group elementor-column elementor-field-group-field_2226df9 elementor-col-33 elementor-md-50\">\n\t\t\t\t\t\t\t\t\t\t\t\t<label for=\"form-field-field_2226df9\" class=\"elementor-field-label\">\n\t\t\t\t\t\t\t\tIch m\u00f6chte mich austauschen zu\t\t\t\t\t\t\t<\/label>\n\t\t\t\t\t\t\t\t<div class=\"elementor-field elementor-select-wrapper remove-before \">\n\t\t\t<div class=\"select-caret-down-wrapper\">\n\t\t\t\t<i aria-hidden=\"true\" class=\"eicon-caret-down\"><\/i>\t\t\t<\/div>\n\t\t\t<select name=\"form_fields[field_2226df9]\" id=\"form-field-field_2226df9\" class=\"elementor-field-textual elementor-size-md\">\n\t\t\t\t\t\t\t\t\t<option value=\"purchasing@bmp-greengas.de\">Verkauf von Biomethan<\/option>\n\t\t\t\t\t\t\t\t\t<option value=\"sales@bmp-greengas.de\">Biomethan f\u00fcr die Industrie<\/option>\n\t\t\t\t\t\t\t\t\t<option value=\"sales@bmp-greengas.de\">Biomethan als Kraftstoff<\/option>\n\t\t\t\t\t\t\t\t\t<option value=\"sales@bmp-greengas.de\">Einkauf von Biomethan<\/option>\n\t\t\t\t\t\t\t\t\t<option value=\"portfolio@bmp-greengas.de\">THG-Quoten Handel<\/option>\n\t\t\t\t\t\t\t\t\t<option value=\"portfolio@bmp-greengas.de\">CO2 Handel<\/option>\n\t\t\t\t\t\t\t\t\t<option value=\"edm@bmp-greengas.de\">Bilanzkreismanagement und Herkunftsnachweisf\u00fchrung<\/option>\n\t\t\t\t\t\t\t\t\t<option value=\"sales@bmp-greengas.de\">siehe Anmerkungen<\/option>\n\t\t\t\t\t\t\t<\/select>\n\t\t<\/div>\n\t\t\t\t\t\t<\/div>\n\t\t\t\t\t\t\t\t<div class=\"elementor-field-type-textarea elementor-field-group elementor-column elementor-field-group-message elementor-col-50 elementor-md-50\">\n\t\t\t\t\t\t\t\t\t\t\t\t<label for=\"form-field-message\" class=\"elementor-field-label\">\n\t\t\t\t\t\t\t\tAnmerkungen\t\t\t\t\t\t\t<\/label>\n\t\t\t\t\t\t<textarea class=\"elementor-field-textual elementor-field  elementor-size-md\" name=\"form_fields[message]\" id=\"form-field-message\" rows=\"4\" placeholder=\"Anmerkungen\"><\/textarea>\t\t\t\t<\/div>\n\t\t\t\t\t\t\t\t<div class=\"elementor-field-type-acceptance elementor-field-group elementor-column elementor-field-group-field_33d54ec elementor-col-50 elementor-md-100\">\n\t\t\t\t\t\t\t\t\t\t\t\t<label for=\"form-field-field_33d54ec\" class=\"elementor-field-label\">\n\t\t\t\t\t\t\t\tKostenfreier Eintritt\t\t\t\t\t\t\t<\/label>\n\t\t\t\t\t\t\t\t<div class=\"elementor-field-subgroup\">\n\t\t\t<span class=\"elementor-field-option\">\n\t\t\t\t<input type=\"checkbox\" name=\"form_fields[field_33d54ec]\" id=\"form-field-field_33d54ec\" class=\"elementor-field elementor-size-md  elementor-acceptance-field\">\n\t\t\t\t<label for=\"form-field-field_33d54ec\">Bitte senden Sie mir zum gew\u00fcnschten Termin einen eCode f\u00fcr den kostenfreien Eintritt zur Messe zu. (Versand erfolgt ab Verf\u00fcgbarkeit der eCodes)<\/label>\t\t\t<\/span>\n\t\t<\/div>\n\t\t\t\t\t\t<\/div>\n\t\t\t\t\t\t\t\t<div class=\"elementor-field-type-html elementor-field-group elementor-column elementor-field-group-field_7486966 elementor-col-100\">\n\t\t\t\t\t<span style=\"font-size:13px\">Die \u00fcber die als Pflichtfeld gekennzeichneten personenbezogenen Daten verarbeiten wir \u2013 die bmp greengas GmbH \u2013 zum Zwecke der Beantwortung Ihrer Anfrage. Rechtsgrundlage ist insoweit Art. 6 Abs. 1 S. 1 lit. b DSGVO. Weitere Informationen zu unserem Umgang mit Ihren personenbezogenen Daten, insbesondere zu Ihren Rechten als betroffene Person und Ihrem Beschwerderecht bei der zust\u00e4ndigen Datenschutzbeh\u00f6rde und unsere Kontaktdaten finden Sie in unseren <a target=\"_blank\" href=\"https:\/\/www.bmp-greengas.com\/de\/datenschutz\/\">Datenschutzinformationen.<\/a><\/span>\t\t\t\t<\/div>\n\t\t\t\t\t\t\t\t<div class=\"elementor-field-group elementor-column elementor-field-type-submit elementor-col-100 e-form__buttons\">\n\t\t\t\t\t<button class=\"elementor-button elementor-size-sm\" type=\"submit\">\n\t\t\t\t\t\t<span class=\"elementor-button-content-wrapper\">\n\t\t\t\t\t\t\t\t\t\t\t\t\t\t\t\t\t\t\t\t\t\t<span class=\"elementor-button-text\">Terminanfrage senden<\/span>\n\t\t\t\t\t\t\t\t\t\t\t\t\t<\/span>\n\t\t\t\t\t<\/button>\n\t\t\t\t<\/div>\n\t\t\t<\/div>\n\t\t<\/form>\n\t\t\t\t\t\t<\/div>\n\t\t\t\t<\/div>\n\t\t\t\t\t<\/div>\n\t\t<\/div>\n\t\t\t\t\t<\/div>\n\t\t<\/section>\n\t\t\t\t<\/div>\n\t\t","protected":false},"excerpt":{"rendered":"<p>E-world vom 10. bis 12. Februar 2026 Buchen Sie hier Ihren pers\u00f6nlichen Gespr\u00e4chstermin auf unserem Messestand in Halle 1, Stand 1C102.<\/p>\n","protected":false},"author":15,"featured_media":0,"parent":0,"menu_order":5,"comment_status":"closed","ping_status":"closed","template":"","meta":{"footnotes":""},"class_list":["post-11649","page","type-page","status-publish","hentry"],"_links":{"self":[{"href":"https:\/\/www.bmp-greengas.com\/de\/wp-json\/wp\/v2\/pages\/11649","targetHints":{"allow":["GET"]}}],"collection":[{"href":"https:\/\/www.bmp-greengas.com\/de\/wp-json\/wp\/v2\/pages"}],"about":[{"href":"https:\/\/www.bmp-greengas.com\/de\/wp-json\/wp\/v2\/types\/page"}],"author":[{"embeddable":true,"href":"https:\/\/www.bmp-greengas.com\/de\/wp-json\/wp\/v2\/users\/15"}],"replies":[{"embeddable":true,"href":"https:\/\/www.bmp-greengas.com\/de\/wp-json\/wp\/v2\/comments?post=11649"}],"version-history":[{"count":48,"href":"https:\/\/www.bmp-greengas.com\/de\/wp-json\/wp\/v2\/pages\/11649\/revisions"}],"predecessor-version":[{"id":28778,"href":"https:\/\/www.bmp-greengas.com\/de\/wp-json\/wp\/v2\/pages\/11649\/revisions\/28778"}],"wp:attachment":[{"href":"https:\/\/www.bmp-greengas.com\/de\/wp-json\/wp\/v2\/media?parent=11649"}],"curies":[{"name":"wp","href":"https:\/\/api.w.org\/{rel}","templated":true}]}}